{"id":1167,"date":"2024-11-23T07:04:51","date_gmt":"2024-11-23T07:04:51","guid":{"rendered":"https:\/\/fuer-den-sueden.de\/?page_id=1167"},"modified":"2024-11-23T07:04:52","modified_gmt":"2024-11-23T07:04:52","slug":"projekte-2024-in-nicaragua","status":"publish","type":"page","link":"https:\/\/fuer-den-sueden.de\/?page_id=1167","title":{"rendered":"Projekte 2024 in Nicaragua"},"content":{"rendered":"\n<p><strong>Name: <\/strong>Seniorenheim San Vicente de Pa\u00fal Jinotega<br><strong>Ort:<\/strong> Jinotega, Nicaragua<br><strong>Betreute Gruppe:<\/strong> 50 \u00e4ltere Erwachsene ohne Familie<br><strong>Von den alten Personen in Anspruch genommene Leistungen: <\/strong>Unentgeltliche ganzheitliche Betreuung in den Bereichen Kleidung, Schuhe, Ern\u00e4hrung, K\u00f6rperpflege, medizinische Hilfe, Physio- und Besch\u00e4ftigungstherapie<\/p>\n\n\n\n<p><strong>Geschichte<\/strong><br>Das Seniorenheim San Vicente de Paul in Jinotega entstand aus dem Bedarf, den die katholische Kirche seinerzeit festgestellt hatte. Die \u201eDamas Vicentinas\u201c, eine Gruppe katholischer Frauen, die auch als Damas de la caridad de San Vicente de Pa\u00fal (Damen der N\u00e4chstenliebe von San Vicente de Pa\u00fal) bekannt sind, begannen mit der Mission, indem sie die Gemeinde aufforderten, sich an dem Projekt zu beteiligen und einen Beitrag zu leisten. Das Projekt verz\u00f6gerte sich mehrfach und wurde durch den B\u00fcrgerkrieg gegen Somoza in den 1970er Jahren unterbrochen. Im Jahr 1980 konnte das Projekt mit Hilfe von ADVENIAT und AID fertiggestellt werden. Die Damas Vicentinas \u00fcbergaben das Zentrum an den Staat, und es begann unter der Leitung des Instituto de Bienestar Social (Institution f\u00fcr soziale F\u00fcrsorge) zu arbeiten.<br>Mit dem Regierungswechsel 1990 wurde die Privatisierung der Dienstleistungen vorangetrieben, und der Staat versuchte, das Zentrum zu schlie\u00dfen und trennte sich vollst\u00e4ndig von dem Seniorenheim, dass wieder von der katholischen Kirche \u00fcbernommen und unter die Obhut der Di\u00f6zese Jinotega gestellt wurde.<\/p>\n\n\n\n<p><strong>Derzeitige Situation<\/strong><br>Das Heim steht derzeit unter der Vormundschaft der Di\u00f6zese Jinotega. Es wird von drei Grundpfeilern getragen: Die Gemeinschaft, die Kirche und der Staat.<br><em>Staat<\/em><br>Der Staat beteiligt sich mit der monatlichen Lieferung eines Pakets von Grundnahrungsmitteln und dem Subventionsfonds in H\u00f6he von 119.950 C\u00f3rdobas, der zur Bezahlung der Grundversorgung und der Zahlung von wirtschaftlicher Hilfe an die Mitarbeiter in H\u00f6he von 4.850 C\u00f3rdobas monatlich beitr\u00e4gt, zuz\u00fcglich einer vom B\u00fcrgermeisteramt der Stadt gew\u00e4hrten Pr\u00e4mie von 1.000 C\u00f3rdobas monatlich, insgesamt also 5.850 C\u00f3rdobas, was 159 US-Dollar pro Monat f\u00fcr jedes Mitglied des Teams entspricht.<br>Es gibt kein Budget, das die offizielle Einstellung von Personal erlaubt, daher funktioniert das Zentrum \u00fcber eine Kooperationsvereinbarung zwischen den Personen, die daran interessiert sind, in diesem Haus zu arbeiten und der Leitung des Zentrums, in der eine wirtschaftliche Unterst\u00fctzung vorgesehen ist, die nicht den Mindestlohn erreicht, was bedeutet, dass eine Mitarbeiterin ihre Position als Mitarbeiterin aufgibt, wenn sie eine offizielle Arbeitsm\u00f6glichkeit findet. Dies f\u00fchrt zu einer der wichtigsten Einschr\u00e4nkungen, n\u00e4mlich dem Mangel an ausreichenden Humanressourcen.<br><em>Kirche<\/em><br>Sie bietet geistliche Betreuung und f\u00f6rdert die aktive Beteiligung ihrer Mitglieder an der Mission des Seniorenheims. Angesichts der j\u00fcngsten gesellschaftspolitischen Ereignisse sind der Arbeit als Kirche gr\u00f6\u00dfere Grenzen gesetzt worden.<br><em>Gemeinschaft<\/em><br>Um die Gemeinschaft einzubeziehen, bem\u00fchen wir uns um eine kontinuierliche Kommunikation, indem wir soziale Netzwerke wie Facebook und TikTok nutzen, wo wir die Liste der Eingaben und vorrangigen Bed\u00fcrfnisse, die von Tag zu Tag gel\u00f6st werden m\u00fcssen, bekannt machen.<\/p>\n\n\n\n<p><strong>Projekt<\/strong><br>Nach 44 Jahren Betrieb in der Betreuung \u00e4lterer Menschen, die von der Familie und der Gesellschaft vernachl\u00e4ssigt werden, weist die Infrastruktur ein gewisses Ma\u00df an Verschlechterung auf, darunter Bereiche mit D\u00e4chern in schlechtem Zustand, besch\u00e4digte Sanit\u00e4ranlagen und die Notwendigkeit von Malerarbeiten, um einen w\u00e4rmeren und einladenderen Raum zu schaffen.<br>Es gibt die Bereitstellung von Erholungs- und Freizeitr\u00e4umen, die zum Wohlbefinden der Gro\u00dfeltern beitragen. Es gibt 2 Schlafs\u00e4le mit einer Kapazit\u00e4t von jeweils 15 Betten und 4 Schlafs\u00e4le mit einer Kapazit\u00e4t von jeweils 8 Betten. Jeder Saal verf\u00fcgt \u00fcber 2 Toiletten, von denen mindestens 5 ersetzt werden m\u00fcssen. Es gibt nur einen offenen Bereich f\u00fcr Aktivit\u00e4ten und zum Sonnenbaden. Bei Regenwetter verbringen sie ihre Zeit in dem einen Raum, der auch als Speisesaal dient. Es gibt eine Kapelle f\u00fcr Gottesdienste.<br>Derzeit besteht das Team aus 20 Personen, darunter 6 Krankenpflegesch\u00fcler im letzten Studienjahr, 1 Krankenpfleger und 1 Soziologe. Wir haben die Unterst\u00fctzung des Gesundheitsministeriums, das zweimal im Monat einen Arzt zu Konsultationen schickt.<\/p>\n\n\n\n<p><strong>Projekt: <\/strong>Verbesserung der Lebensbedingungen f\u00fcr die \u00e4lteren Bewohner des Seniorenheims San Vicente de Pa\u00fal in Jinotega, Nicaragua<\/p>\n\n\n\n<p>Das Projekt zielt darauf ab, den Bedarf an einem sicheren Raum f\u00fcr Freizeit- und therapeutische Aktivit\u00e4ten zu decken sowie empfindliche und wichtige Bereiche zu verbessern, wie z. B. die D\u00e4cher der Korridore, den Austausch von Toiletten in schlechtem Zustand, den Bau eines Sicherheitstors, das es den Bewohnern erm\u00f6glicht, in einem sicheren Bereich zu bleiben und gleichzeitig einen Zugang f\u00fcr Krankenwagen und Krankentragen f\u00fcr medizinische Notf\u00e4lle zu haben.<\/p>\n\n\n\n<p><strong>Spezifische Ziele<\/strong><\/p>\n\n\n\n<ol>\n<li>Schaffung eines \u00fcberdachten und gefliesten Bereichs f\u00fcr Freizeitaktivit\u00e4ten und<br>therapeutische Ma\u00dfnahmen.<\/li>\n\n\n\n<li>Verbesserung der Sicherheits- und Bewegungsbedingungen f\u00fcr die Bewohner durch den Bau<br>eines Sicherheitszauns und die Erneuerung besch\u00e4digter D\u00e4cher, um Feuchtigkeit zu<br>vermeiden und die Sturzgefahr bei Regenwetter zu verringern.<\/li>\n\n\n\n<li>Sanierung der Toiletten durch den Einbau von 6 neuen Toiletten.<\/li>\n<\/ol>\n\n\n\n<p>Construcci\u00f3n de \u00e1rea techado y embaldosado (Bau von \u00fcberdachten und gefliesten Bereichen)<br>C$ 223.000 (5.500,00 EUR)<br>Construcci\u00f3n Verja de seguridad (Konstruktion Sicherheitszaun)<br>C$ 26.000 (650,00 EUR)<br>Rehabilitaci\u00f3n de servicios higi\u00e9nicos (Sanierung von Toiletten)<br>C$ 8.000 (200,00 EUR)<\/p>\n\n\n\n<figure class=\"wp-block-image size-full\"><a href=\"https:\/\/fuer-den-sueden.de\/wp-content\/uploads\/2024\/11\/projekt-nica-2024.jpg\"><img loading=\"lazy\" decoding=\"async\" width=\"968\" height=\"831\" src=\"https:\/\/fuer-den-sueden.de\/wp-content\/uploads\/2024\/11\/projekt-nica-2024.jpg\" alt=\"\" class=\"wp-image-1168\" srcset=\"https:\/\/fuer-den-sueden.de\/wp-content\/uploads\/2024\/11\/projekt-nica-2024.jpg 968w, https:\/\/fuer-den-sueden.de\/wp-content\/uploads\/2024\/11\/projekt-nica-2024-744x639.jpg 744w, https:\/\/fuer-den-sueden.de\/wp-content\/uploads\/2024\/11\/projekt-nica-2024-420x361.jpg 420w, https:\/\/fuer-den-sueden.de\/wp-content\/uploads\/2024\/11\/projekt-nica-2024-768x659.jpg 768w\" sizes=\"(max-width: 968px) 100vw, 968px\" \/><\/a><\/figure>\n","protected":false},"excerpt":{"rendered":"<p>Name: Seniorenheim San Vicente de Pa\u00fal JinotegaOrt: Jinotega, NicaraguaBetreute Gruppe: 50 \u00e4ltere Erwachsene ohne FamilieVon den alten Personen in Anspruch genommene Leistungen: Unentgeltliche ganzheitliche Betreuung in den Bereichen Kleidung, Schuhe, Ern\u00e4hrung, K\u00f6rperpflege, medizinische Hilfe, Physio- und Besch\u00e4ftigungstherapie GeschichteDas Seniorenheim San<\/p>\n","protected":false},"author":1,"featured_media":0,"parent":0,"menu_order":0,"comment_status":"closed","ping_status":"closed","template":"","meta":{"footnotes":""},"_links":{"self":[{"href":"https:\/\/fuer-den-sueden.de\/index.php?rest_route=\/wp\/v2\/pages\/1167"}],"collection":[{"href":"https:\/\/fuer-den-sueden.de\/index.php?rest_route=\/wp\/v2\/pages"}],"about":[{"href":"https:\/\/fuer-den-sueden.de\/index.php?rest_route=\/wp\/v2\/types\/page"}],"author":[{"embeddable":true,"href":"https:\/\/fuer-den-sueden.de\/index.php?rest_route=\/wp\/v2\/users\/1"}],"replies":[{"embeddable":true,"href":"https:\/\/fuer-den-sueden.de\/index.php?rest_route=%2Fwp%2Fv2%2Fcomments&post=1167"}],"version-history":[{"count":1,"href":"https:\/\/fuer-den-sueden.de\/index.php?rest_route=\/wp\/v2\/pages\/1167\/revisions"}],"predecessor-version":[{"id":1169,"href":"https:\/\/fuer-den-sueden.de\/index.php?rest_route=\/wp\/v2\/pages\/1167\/revisions\/1169"}],"wp:attachment":[{"href":"https:\/\/fuer-den-sueden.de\/index.php?rest_route=%2Fwp%2Fv2%2Fmedia&parent=1167"}],"curies":[{"name":"wp","href":"https:\/\/api.w.org\/{rel}","templated":true}]}}