{"id":1173,"date":"2024-11-23T07:10:46","date_gmt":"2024-11-23T07:10:46","guid":{"rendered":"https:\/\/fuer-den-sueden.de\/?page_id=1173"},"modified":"2024-11-23T07:10:47","modified_gmt":"2024-11-23T07:10:47","slug":"projects-2024-in-nicaragua","status":"publish","type":"page","link":"https:\/\/fuer-den-sueden.de\/?page_id=1173","title":{"rendered":"Projects 2024 in Nicaragua"},"content":{"rendered":"\n<p><strong>Name: <\/strong>San Vicente de Pa\u00fal Jinotega retirement home<br><strong>Location:<\/strong> Jinotega, Nicaragua<br><strong>Group cared for:<\/strong> 50 older adults without family<br><strong>Services used by the elderly:<\/strong> Free holistic care in the areas of clothing, shoes, nutrition, personal hygiene, medical assistance, physiotherapy and occupational therapy.<\/p>\n\n\n\n<p><strong>History of the home<\/strong><br>The San Vicente de Paul retirement home in Jinotega was founded in response to a need identified by the Catholic Church at the time. The \u201cDamas Vicentinas\u201d, a group of Catholic women also known as Damas de la caridad de San Vicente de Pa\u00fal (Ladies of Charity of San Vicente de Pa\u00fal), began the mission by asking the community to participate and contribute to the project. The project was delayed several times and was interrupted by the civil war against Somoza in the 1970s. In 1980, the project was completed with the help of ADVENIAT and AID.<br>The Damas Vicentinas handed the center over to the state and it began to operate under the management of the Instituto de Bienestar Social (Social Welfare Institute). With the change of government in 1990, the privatization of services was pushed forward and the state tried to close the center and completely separated itself from the retirement home, which was taken over again by the Catholic Church and placed under the care of the Diocese of Jinotega.<\/p>\n\n\n\n<p><strong>Current situation<\/strong><br>The home is currently under the guardianship of the Diocese of Jinotega.<br>It is supported by three pillars: the community, the church and the state.<br><em>The state<\/em><br>The State participates with the monthly delivery of a package of basic food and the subsidy fund of 119,950 c\u00f3rdobas, which contributes to the payment of basic supplies and the payment of economic assistance to the staff of 4,850 c\u00f3rdobas per month, plus a bonus of 1,000 c\u00f3rdobas per month granted by the Mayor&#8217;s Office of the city, for a total of 5,850 c\u00f3rdobas, which is equivalent to 159 US dollars per month for each member of the team.<br>There is no budget that allows for the official hiring of staff, so the center operates through a cooperation agreement between the people interested in working in this house and the management of the center, in which economic support is provided that does not reach the minimum wage, which means that an employee will give up her position as an employee if she finds an official job opportunity. This leads to one of the main constraints, which is the lack of sufficient human resources.<br><em>Church<\/em><br>It provides spiritual care and encourages the active participation of its members in the mission of the retirement home. In light of recent socio-political events, greater limitations have been placed on its work as a church.<br><em>Community<\/em><br>To engage the community, we strive for continuous communication by utilizing social networks such as Facebook and TikTok where we post the list of inputs and priority needs that need to be resolved from day to day.<\/p>\n\n\n\n<p><strong>Project<\/strong><br>After 44 years of operation in the care of the elderly, neglected by the family and society, the infrastructure shows a certain degree of deterioration, including areas with roofs in poor condition, damaged sanitary facilities and the need for painting work to create a warmer and more welcoming space.<br>There is the provision of recreation and leisure spaces which contribute to the wellbeing of grandparents. There are 2 dormitories with a capacity of 15 beds each and 4 dormitories with a capacity of 8 beds each. Each dormitory has 2 toilets, of which at least 5 need to be replaced. There is only one open area for activities and sunbathing. In rainy weather, they spend their time in the one room that also serves as a dining hall. There is a chapel for church services.<br>Currently the team consists of 20 people, including 6 final year nursing students, 1 nurse and 1 sociologist. We have the support of the Ministry of Health, which sends a doctor twice a month for consultations.<\/p>\n\n\n\n<p><strong>Project:<\/strong> Improving living conditions for the elderly residents of the San Vicente de Pa\u00fal retirement home in Jinotega, Nicaragua<\/p>\n\n\n\n<p>The project aims to address the need for a safe space for recreational and therapeutic activities, as well as to improve sensitive and important areas such as the roofs of the corridors, the replacement of toilets in poor condition, the construction of a security gate that will allow residents to stay in a safe area while having access for ambulances and stretchers for medical emergencies.<\/p>\n\n\n\n<p><strong>Specific objectives<\/strong><\/p>\n\n\n\n<ol>\n<li>create a covered and tiled area for recreational and therapeutic activities<\/li>\n\n\n\n<li>improve safety and movement conditions for residents by building a safety fence and replacing damaged roofs to prevent damp and reduce the risk of falls in rainy weather<\/li>\n\n\n\n<li>refurbishment of the toilets through the installation of 6 new toilets.<\/li>\n<\/ol>\n\n\n\n<p>Construcci\u00f3n de \u00e1rea techado y embaldosado (construction of covered and tiled areas)<br>C$ 223,000 (5,500.00 EUR)<br>Construcci\u00f3n Verja de seguridad (Construction of security fence)<br>C$ 26.000 (650,00 EUR)<br>Rehabilitaci\u00f3n de servicios higi\u00e9nicos (Rehabilitation of toilets)<br>C$ 8,000 (EUR 200.00)<\/p>\n\n\n\n<figure class=\"wp-block-image size-full\"><a href=\"https:\/\/fuer-den-sueden.de\/wp-content\/uploads\/2024\/11\/projekt-nica-2024-1.jpg\"><img loading=\"lazy\" decoding=\"async\" width=\"968\" height=\"831\" src=\"https:\/\/fuer-den-sueden.de\/wp-content\/uploads\/2024\/11\/projekt-nica-2024-1.jpg\" alt=\"\" class=\"wp-image-1174\" srcset=\"https:\/\/fuer-den-sueden.de\/wp-content\/uploads\/2024\/11\/projekt-nica-2024-1.jpg 968w, https:\/\/fuer-den-sueden.de\/wp-content\/uploads\/2024\/11\/projekt-nica-2024-1-744x639.jpg 744w, https:\/\/fuer-den-sueden.de\/wp-content\/uploads\/2024\/11\/projekt-nica-2024-1-420x361.jpg 420w, https:\/\/fuer-den-sueden.de\/wp-content\/uploads\/2024\/11\/projekt-nica-2024-1-768x659.jpg 768w\" sizes=\"(max-width: 968px) 100vw, 968px\" \/><\/a><\/figure>\n","protected":false},"excerpt":{"rendered":"<p>Name: San Vicente de Pa\u00fal Jinotega retirement homeLocation: Jinotega, NicaraguaGroup cared for: 50 older adults without familyServices used by the elderly: Free holistic care in the areas of clothing, shoes, nutrition, personal hygiene, medical assistance, physiotherapy and occupational therapy. History<\/p>\n","protected":false},"author":1,"featured_media":0,"parent":0,"menu_order":0,"comment_status":"closed","ping_status":"closed","template":"","meta":{"footnotes":""},"_links":{"self":[{"href":"https:\/\/fuer-den-sueden.de\/index.php?rest_route=\/wp\/v2\/pages\/1173"}],"collection":[{"href":"https:\/\/fuer-den-sueden.de\/index.php?rest_route=\/wp\/v2\/pages"}],"about":[{"href":"https:\/\/fuer-den-sueden.de\/index.php?rest_route=\/wp\/v2\/types\/page"}],"author":[{"embeddable":true,"href":"https:\/\/fuer-den-sueden.de\/index.php?rest_route=\/wp\/v2\/users\/1"}],"replies":[{"embeddable":true,"href":"https:\/\/fuer-den-sueden.de\/index.php?rest_route=%2Fwp%2Fv2%2Fcomments&post=1173"}],"version-history":[{"count":1,"href":"https:\/\/fuer-den-sueden.de\/index.php?rest_route=\/wp\/v2\/pages\/1173\/revisions"}],"predecessor-version":[{"id":1175,"href":"https:\/\/fuer-den-sueden.de\/index.php?rest_route=\/wp\/v2\/pages\/1173\/revisions\/1175"}],"wp:attachment":[{"href":"https:\/\/fuer-den-sueden.de\/index.php?rest_route=%2Fwp%2Fv2%2Fmedia&parent=1173"}],"curies":[{"name":"wp","href":"https:\/\/api.w.org\/{rel}","templated":true}]}}