{"id":1177,"date":"2024-11-23T07:19:07","date_gmt":"2024-11-23T07:19:07","guid":{"rendered":"https:\/\/fuer-den-sueden.de\/?page_id=1177"},"modified":"2024-11-23T07:19:08","modified_gmt":"2024-11-23T07:19:08","slug":"proyectos-2024-en-nicaragua","status":"publish","type":"page","link":"https:\/\/fuer-den-sueden.de\/?page_id=1177","title":{"rendered":"Proyectos 2024 en Nicaragua"},"content":{"rendered":"\n<p><strong>Nombre: <\/strong>Hogar del adulto mayor San Vicente de Paul Jinotega<strong><br>Lugar: <\/strong>Jinotega, Nicaragua<strong><br>Grupo que atiende:<\/strong> 50 adultos mayores sin familia.<br><strong>Servicios que reciben los abuelitos:<\/strong> Atenci\u00f3n integral gratuita a todas sus necesidades de ropa, calzado alimentaci\u00f3n, aseo personal, asistencia m\u00e9dica, terapia f\u00edsica y ocupacional.<\/p>\n\n\n\n<p><strong>Antecedentes<\/strong><br>El Hogar del adulto mayor San Vicente de Pa\u00fal de Jinotega, surge a partir de la necesidad identificada por la iglesia cat\u00f3lica de la \u00e9poca. Las Damas Vicentinas, grupo de mujeres cat\u00f3licas conocidas tambi\u00e9n como Damas de la caridad de San Vicente de Paul inician la misi\u00f3n mediante la motivaci\u00f3n a la comunidad de integrarse haciendo sus aportes al proyecto. Proyecto que tiene muchos atrasos y se ve interrumpido por la guerra civil contra Somoza de los a\u00f1os 70. En 1980 con la contribuci\u00f3n de los organismos ADVENIAT y AID se construye la obra. Las Damas Vicentinas entregan el centro al estado y empieza a funcionar bajo la Direcci\u00f3n del Instituto de Bienestar Social.<br>En 1990 con el cambio de gobierno se promueve la privatizaci\u00f3n de los servicios y el estado pretende cerrar el centro y se desvincula totalmente del hogar de ancianos siendo retomado nuevamente por la Iglesia Cat\u00f3lica, quedando bajo la tutela de la Di\u00f3cesis de Jinotega.<\/p>\n\n\n\n<p><strong>Situaci\u00f3n acutal<\/strong><\/p>\n\n\n\n<p>Actualmente el hogar est\u00e1 bajo la tutela de la Di\u00f3cesis de Jinotega<br>Se sostiene en tres pilares fundamentales que son: La Comunidad, la Iglesia y el Estado.<\/p>\n\n\n\n<p><em>El Estado<\/em><br>Participa con la entrega mensual de un paquete de granos b\u00e1sicos y el fondo de subvenci\u00f3n por C$ 119,950 c\u00f3rdobas que aporta para el pago de servicios b\u00e1sicos y el pago de ayuda econ\u00f3mica entregado a colaboradores de C$ 4,850, c\u00f3rdobas mensual, m\u00e1s un bono otorgado por la alcald\u00eda municipal de C$1,000 c\u00f3rdobas mensuales para un total de C$ 5,850 c\u00f3rdobas equivalente a U$ 159 d\u00f3lares al mes para cada integrante del equipo.<\/p>\n\n\n\n<p>No se cuenta con un presupuesto que permita la contrataci\u00f3n oficial de personal, por lo que el centro funciona mediante un convenio de colaboraci\u00f3n por el monto ya mencionado entre las personas interesadas en servir en esta casa y la direcci\u00f3n del centro, donde se contempla una ayuda econ\u00f3mica que no llega al rango de salario m\u00ednimo, esto hace que cuando una colaboradora encuentra una oportunidad de empleo formal, abandona su puesto de colaboradora. Generando as\u00ed una de la principales limitaciones que es la de recursos humanos suficientes.<\/p>\n\n\n\n<p><em>Iglesia<\/em><br>Brinda atenci\u00f3n espiritual y promueve la participaci\u00f3n activa de sus miembros en la misi\u00f3n del Hogar. Ante los \u00faltimos acontecimientos sociopol\u00edticos ha habido mayores limitaciones para el trabajo como iglesia.<\/p>\n\n\n\n<p><em>La comunidad<\/em><br>Para involucrar a la comunidad procuramos la comunicaci\u00f3n continua haciendo uso de las redes sociales como Facebook y TikTok donde nos conectamos para dar a conocer la lista de insumos y necesidades prioritarias a solventar del d\u00eda a d\u00eda.<\/p>\n\n\n\n<p><strong>Proyecto<\/strong><br>Despu\u00e9s de 44 a\u00f1os de funcionamiento en la atenci\u00f3n a personas adultas mayores desamparadas por la familia y la sociedad, la infraestructura presenta cierto nivel de deterioro entre lo que se menciona \u00e1reas con techo en mal estado, bater\u00eda sanitaria con da\u00f1os, necesidad de pintura para brindar un espacio m\u00e1s c\u00e1lido y acogedor. Habilitaci\u00f3n de espacios de esparcimiento y recreaci\u00f3n que aporten al bienestar de los abuelitos<\/p>\n\n\n\n<p>Se cuenta con 2 dormitorios m\u00faltiples con capacidad de 15 camas cada uno y 4dormitorios con capacidad de 8 camas cada uno. Cada dormitorio cuenta con 2 inodoros de los cuales al menos 5 necesitan ser reemplazados<br>Solo cuentan con 1 \u00e1rea a cielo abierto para sus actividades y tomar el sol. En tiempo de lluvia pasan en el interior del \u00fanico sal\u00f3n que tambi\u00e9n funciona como comedor. Existe una capilla para oficios religiosos.<\/p>\n\n\n\n<p>En la actualidad se cuenta con un equipo de colaboradores de 20 personas de las cuales 6 son estudiantes del \u00faltimo a\u00f1o de enfermer\u00eda, 1 enfermera profesional, 1 soci\u00f3loga. Contamos con el apoyo del ministerio de salud que env\u00eda a un medico 2 veces al mes para brindar las consultas.<\/p>\n\n\n\n<p>Proyecto: Mejoramiento de la realidad de vida de los abuelitos residentes del Hogar de Ancianos San Vicente de Paul en Jinotega Nicaragua<\/p>\n\n\n\n<p>El proyecto pretende resolver las necesidades de espacio seguro para trabajar las actividades recreativas y terap\u00e9uticas as\u00ed como el mejoramiento en \u00e1reas sensibles e importantes como son los techos de pasillos, cambio de inodoros en mal estado, la construcci\u00f3n de una verja de seguridad que permita que puedan permanecer en \u00e1rea segura y a su vez haya acceso para el ingreso de ambulancias y camillas en caso de emergencias m\u00e9dicas,<\/p>\n\n\n\n<p><strong>Objetivo general:<\/strong><br>Mejorar las condiciones de vida de los residentes del Hogar de Ancianos San Vicente de Paul<br>Jinotega Nicaragua.<br>Objetivos espec\u00edficos:<br><strong>Objetivo 1.<\/strong> Contar con 1 \u00e1rea techada y embaldosada para la realizaci\u00f3n de actividades recreativas y terap\u00e9uticas.<br><strong>Objetivo 2. <\/strong>Mejorar las condiciones de seguridad y desplazamiento de los residentes mediante la construcci\u00f3n de verja de seguridad y cambio de techos da\u00f1ados para evitar la humedad y reducir el riesgo de ca\u00eddas en tiempos de lluvia.<br><strong>Objetivo 3.<\/strong> Rehabilitar servicios higi\u00e9nicos mediante la colocaci\u00f3n de 6 inodoros nuevos<\/p>\n\n\n\n<p>Construcci\u00f3n de \u00e1rea techado y embaldosado (Bau von \u00fcberdachten und gefliesten Bereichen)<br>C$ 223.000 (5.500,00 EUR)<br>Construcci\u00f3n Verja de seguridad (Konstruktion Sicherheitszaun)<br>C$ 26.000 (650,00 EUR)<br>Rehabilitaci\u00f3n de servicios higi\u00e9nicos (Sanierung von Toiletten)<br>C$ 8.000 (200,00 EUR)<\/p>\n\n\n\n<figure class=\"wp-block-image size-full\"><a href=\"https:\/\/fuer-den-sueden.de\/wp-content\/uploads\/2024\/11\/projekt-nica-2024-2.jpg\"><img loading=\"lazy\" decoding=\"async\" width=\"968\" height=\"831\" src=\"https:\/\/fuer-den-sueden.de\/wp-content\/uploads\/2024\/11\/projekt-nica-2024-2.jpg\" alt=\"\" class=\"wp-image-1178\" srcset=\"https:\/\/fuer-den-sueden.de\/wp-content\/uploads\/2024\/11\/projekt-nica-2024-2.jpg 968w, https:\/\/fuer-den-sueden.de\/wp-content\/uploads\/2024\/11\/projekt-nica-2024-2-744x639.jpg 744w, https:\/\/fuer-den-sueden.de\/wp-content\/uploads\/2024\/11\/projekt-nica-2024-2-420x361.jpg 420w, https:\/\/fuer-den-sueden.de\/wp-content\/uploads\/2024\/11\/projekt-nica-2024-2-768x659.jpg 768w\" sizes=\"(max-width: 968px) 100vw, 968px\" \/><\/a><\/figure>\n","protected":false},"excerpt":{"rendered":"<p>Nombre: Hogar del adulto mayor San Vicente de Paul JinotegaLugar: Jinotega, NicaraguaGrupo que atiende: 50 adultos mayores sin familia.Servicios que reciben los abuelitos: Atenci\u00f3n integral gratuita a todas sus necesidades de ropa, calzado alimentaci\u00f3n, aseo personal, asistencia m\u00e9dica, terapia f\u00edsica<\/p>\n","protected":false},"author":1,"featured_media":0,"parent":0,"menu_order":0,"comment_status":"closed","ping_status":"closed","template":"","meta":{"footnotes":""},"_links":{"self":[{"href":"https:\/\/fuer-den-sueden.de\/index.php?rest_route=\/wp\/v2\/pages\/1177"}],"collection":[{"href":"https:\/\/fuer-den-sueden.de\/index.php?rest_route=\/wp\/v2\/pages"}],"about":[{"href":"https:\/\/fuer-den-sueden.de\/index.php?rest_route=\/wp\/v2\/types\/page"}],"author":[{"embeddable":true,"href":"https:\/\/fuer-den-sueden.de\/index.php?rest_route=\/wp\/v2\/users\/1"}],"replies":[{"embeddable":true,"href":"https:\/\/fuer-den-sueden.de\/index.php?rest_route=%2Fwp%2Fv2%2Fcomments&post=1177"}],"version-history":[{"count":1,"href":"https:\/\/fuer-den-sueden.de\/index.php?rest_route=\/wp\/v2\/pages\/1177\/revisions"}],"predecessor-version":[{"id":1179,"href":"https:\/\/fuer-den-sueden.de\/index.php?rest_route=\/wp\/v2\/pages\/1177\/revisions\/1179"}],"wp:attachment":[{"href":"https:\/\/fuer-den-sueden.de\/index.php?rest_route=%2Fwp%2Fv2%2Fmedia&parent=1177"}],"curies":[{"name":"wp","href":"https:\/\/api.w.org\/{rel}","templated":true}]}}