{"id":1272,"date":"2025-02-27T15:54:16","date_gmt":"2025-02-27T15:54:16","guid":{"rendered":"https:\/\/fuer-den-sueden.de\/?page_id=1272"},"modified":"2025-02-27T15:54:16","modified_gmt":"2025-02-27T15:54:16","slug":"proyectos-2025-en-ecuador","status":"publish","type":"page","link":"https:\/\/fuer-den-sueden.de\/?page_id=1272","title":{"rendered":"Proyectos 2025 en Ecuador"},"content":{"rendered":"\n<p>Proyecto de Salud en Salitre, Guayas, Ecuador.<\/p>\n\n\n\n<p>TITULO:<\/p>\n\n\n\n<p>Asistencia con ANTIPARASITARIOS y VITAMINA C a ni\u00f1os de sectores vulnerables del Cant\u00f3n Salitre, Guayas, Ecuador.<\/p>\n\n\n\n<p>FUNDAMENTACI\u00d3N:<\/p>\n\n\n\n<p>En el Cant\u00f3n Salitre, al igual que en otros cantones rurales, las enfermedades parasitarias y de v\u00edas respiratorias altas, son, en general las mas frecuentes entre ni\u00f1os en edades preescolar y escolar. La ausencia de agua potable, de canales de alcantarillado para aguas servidas y la ingesta de frutas directamente de la mata (o el suelo) sin lavarlas o pelarlas, m\u00e1s la costumbre de no usar calzado y el hacinamiento, son algunas de las causas de estas epidemias.<\/p>\n\n\n\n<p>OBJETIVOS:<\/p>\n\n\n\n<p>Al realizar en forma gratuita y con la presencia de un profesional de la salud (M\u00e9dico) nuestras campa\u00f1as de DESPARASITACI\u00d3N m\u00e1s el aporte de VITAMINA C, pretendemos paliar estas epidemias en los menores y mitigar en algo la escasa econom\u00eda de los hogares campesinos, al evitar el pago del valor de la consulta m\u00e9dica y el valor de estos insumos farmacol\u00f3gicos,<\/p>\n\n\n\n<p>LOCALIZACI\u00d3N GEOGR\u00c1FICA:<\/p>\n\n\n\n<p>El territorio que ocupa el cant\u00f3n Salitre se extiende sobre un \u00e1rea de 388 km\u00b2. Se encuentra ubicado en el centro-este en la provincia del Guayas, a 42 km de Guayaquil.<\/p>\n\n\n\n<p>ACTIVIDADES:<\/p>\n\n\n\n<p>Previa coordinaci\u00f3n con moradores de los distintos sectores o con profesores de escuelas unitarias del campo, se realiza una visita brigada, para luego de una charla informativa y did\u00e1ctica sobre salud y salubridad dirigida a los ni\u00f1os, a sus padres y a maestros, el m\u00e9dico procede a la administraci\u00f3n directa en la boca del antiparasitario masticable de una sola dosis. Culminada la etapa de desparasitaci\u00f3n, se entregan los sobres de VITAMINA C en tabletas masticables a cada menor y finalmente culminamos la visita obsequiando una tarjeta antivirus que la cuelgan del cuello y sirve tambi\u00e9n como juguete.<\/p>\n\n\n\n<p>RESPONSABLE:<\/p>\n\n\n\n<p>El responsable directo es el Dr. GALO ALVEAR VITERY.<\/p>\n\n\n\n<p>RECURSOS:<\/p>\n\n\n\n<p>&#8211; Un profesional de la salud, m\u00e9dico.<\/p>\n\n\n\n<p>&#8211; Una o dos auxiliares de enfermer\u00eda.<\/p>\n\n\n\n<p>&#8211; Un veh\u00edculo<\/p>\n\n\n\n<p>&#8211; Cantidad suficiente de Antiparasitarios tabletas masticables, Vitamina C tabletas masticables, Tarjetas antivirus.<\/p>\n\n\n\n<p>&#8211; Los insumos farmacol\u00f3gicos dependen de los recursos econ\u00f3micos llegados desde la FUNDACI\u00d3N RASCHKE<\/p>\n\n\n\n<p>APOYO: 1000 Euro<\/p>\n\n\n\n<figure class=\"wp-block-image size-full\"><a href=\"https:\/\/fuer-den-sueden.de\/wp-content\/uploads\/2025\/02\/projekt-galo-2025-2.jpg\"><img loading=\"lazy\" decoding=\"async\" width=\"1020\" height=\"761\" src=\"https:\/\/fuer-den-sueden.de\/wp-content\/uploads\/2025\/02\/projekt-galo-2025-2.jpg\" alt=\"\" class=\"wp-image-1273\" srcset=\"https:\/\/fuer-den-sueden.de\/wp-content\/uploads\/2025\/02\/projekt-galo-2025-2.jpg 1020w, https:\/\/fuer-den-sueden.de\/wp-content\/uploads\/2025\/02\/projekt-galo-2025-2-744x555.jpg 744w, https:\/\/fuer-den-sueden.de\/wp-content\/uploads\/2025\/02\/projekt-galo-2025-2-420x313.jpg 420w, https:\/\/fuer-den-sueden.de\/wp-content\/uploads\/2025\/02\/projekt-galo-2025-2-768x573.jpg 768w\" sizes=\"(max-width: 1020px) 100vw, 1020px\" \/><\/a><\/figure>\n","protected":false},"excerpt":{"rendered":"<p>Proyecto de Salud en Salitre, Guayas, Ecuador. TITULO: Asistencia con ANTIPARASITARIOS y VITAMINA C a ni\u00f1os de sectores vulnerables del Cant\u00f3n Salitre, Guayas, Ecuador. FUNDAMENTACI\u00d3N: En el Cant\u00f3n Salitre, al igual que en otros cantones rurales, las enfermedades parasitarias y<\/p>\n","protected":false},"author":1,"featured_media":0,"parent":0,"menu_order":0,"comment_status":"closed","ping_status":"closed","template":"","meta":{"footnotes":""},"_links":{"self":[{"href":"https:\/\/fuer-den-sueden.de\/index.php?rest_route=\/wp\/v2\/pages\/1272"}],"collection":[{"href":"https:\/\/fuer-den-sueden.de\/index.php?rest_route=\/wp\/v2\/pages"}],"about":[{"href":"https:\/\/fuer-den-sueden.de\/index.php?rest_route=\/wp\/v2\/types\/page"}],"author":[{"embeddable":true,"href":"https:\/\/fuer-den-sueden.de\/index.php?rest_route=\/wp\/v2\/users\/1"}],"replies":[{"embeddable":true,"href":"https:\/\/fuer-den-sueden.de\/index.php?rest_route=%2Fwp%2Fv2%2Fcomments&post=1272"}],"version-history":[{"count":1,"href":"https:\/\/fuer-den-sueden.de\/index.php?rest_route=\/wp\/v2\/pages\/1272\/revisions"}],"predecessor-version":[{"id":1274,"href":"https:\/\/fuer-den-sueden.de\/index.php?rest_route=\/wp\/v2\/pages\/1272\/revisions\/1274"}],"wp:attachment":[{"href":"https:\/\/fuer-den-sueden.de\/index.php?rest_route=%2Fwp%2Fv2%2Fmedia&parent=1272"}],"curies":[{"name":"wp","href":"https:\/\/api.w.org\/{rel}","templated":true}]}}