{"id":144,"date":"2015-01-24T08:35:58","date_gmt":"2015-01-24T08:35:58","guid":{"rendered":"http:\/\/fuer-den-sueden.de\/?page_id=144"},"modified":"2015-06-11T19:13:46","modified_gmt":"2015-06-11T19:13:46","slug":"projekte-in-kolumbien","status":"publish","type":"page","link":"https:\/\/fuer-den-sueden.de\/?page_id=144","title":{"rendered":"Projekte 2014 in Kolumbien"},"content":{"rendered":"<p>In Kolumbien unterst\u00fctzt F\u00fcr den S\u00fcden &#8211; Stiftung der Familie Raschke vorrangig Projekte im Bereich der Bildung.<\/p>\n<p><a href=\"https:\/\/fuer-den-sueden.de\/wp-content\/uploads\/2015\/01\/Karte_Kolumbien.jpg\"><img loading=\"lazy\" decoding=\"async\" class=\"alignnone size-full wp-image-323\" src=\"https:\/\/fuer-den-sueden.de\/wp-content\/uploads\/2015\/01\/Karte_Kolumbien.jpg\" alt=\"Karte_Kolumbien\" width=\"210\" height=\"240\" \/><\/a><\/p>\n","protected":false},"excerpt":{"rendered":"<p>In Kolumbien unterst\u00fctzt F\u00fcr den S\u00fcden &#8211; Stiftung der Familie Raschke vorrangig Projekte im Bereich der Bildung.<\/p>\n","protected":false},"author":1,"featured_media":212,"parent":0,"menu_order":0,"comment_status":"closed","ping_status":"closed","template":"","meta":{"footnotes":""},"_links":{"self":[{"href":"https:\/\/fuer-den-sueden.de\/index.php?rest_route=\/wp\/v2\/pages\/144"}],"collection":[{"href":"https:\/\/fuer-den-sueden.de\/index.php?rest_route=\/wp\/v2\/pages"}],"about":[{"href":"https:\/\/fuer-den-sueden.de\/index.php?rest_route=\/wp\/v2\/types\/page"}],"author":[{"embeddable":true,"href":"https:\/\/fuer-den-sueden.de\/index.php?rest_route=\/wp\/v2\/users\/1"}],"replies":[{"embeddable":true,"href":"https:\/\/fuer-den-sueden.de\/index.php?rest_route=%2Fwp%2Fv2%2Fcomments&post=144"}],"version-history":[{"count":8,"href":"https:\/\/fuer-den-sueden.de\/index.php?rest_route=\/wp\/v2\/pages\/144\/revisions"}],"predecessor-version":[{"id":369,"href":"https:\/\/fuer-den-sueden.de\/index.php?rest_route=\/wp\/v2\/pages\/144\/revisions\/369"}],"wp:featuredmedia":[{"embeddable":true,"href":"https:\/\/fuer-den-sueden.de\/index.php?rest_route=\/wp\/v2\/media\/212"}],"wp:attachment":[{"href":"https:\/\/fuer-den-sueden.de\/index.php?rest_route=%2Fwp%2Fv2%2Fmedia&parent=144"}],"curies":[{"name":"wp","href":"https:\/\/api.w.org\/{rel}","templated":true}]}}