{"id":152,"date":"2015-01-24T08:40:22","date_gmt":"2015-01-24T08:40:22","guid":{"rendered":"http:\/\/fuer-den-sueden.de\/?page_id=152"},"modified":"2015-06-11T19:14:05","modified_gmt":"2015-06-11T19:14:05","slug":"projekte-in-nicaragua","status":"publish","type":"page","link":"https:\/\/fuer-den-sueden.de\/?page_id=152","title":{"rendered":"Projekte 2014 in Nicaragua"},"content":{"rendered":"<p>In Nicaragua unterst\u00fctzt F\u00fcr den S\u00fcden &#8211; Stiftung der Familie Raschke Projekte im Bereich der <a href=\"https:\/\/fuer-den-sueden.de\/?page_id=195\">Bildung<\/a> und des <a href=\"https:\/\/fuer-den-sueden.de\/?page_id=198\">Sportes<\/a>.<\/p>\n<p><a href=\"https:\/\/fuer-den-sueden.de\/wp-content\/uploads\/2015\/01\/Karte_Nicaragua.jpg\"><img loading=\"lazy\" decoding=\"async\" class=\"alignnone size-full wp-image-321\" src=\"https:\/\/fuer-den-sueden.de\/wp-content\/uploads\/2015\/01\/Karte_Nicaragua.jpg\" alt=\"Karte_Nicaragua\" width=\"282\" height=\"240\" \/><\/a><\/p>\n","protected":false},"excerpt":{"rendered":"<p>In Nicaragua unterst\u00fctzt F\u00fcr den S\u00fcden &#8211; Stiftung der Familie Raschke Projekte im Bereich der Bildung und des Sportes.<\/p>\n","protected":false},"author":1,"featured_media":203,"parent":0,"menu_order":0,"comment_status":"closed","ping_status":"closed","template":"","meta":{"footnotes":""},"_links":{"self":[{"href":"https:\/\/fuer-den-sueden.de\/index.php?rest_route=\/wp\/v2\/pages\/152"}],"collection":[{"href":"https:\/\/fuer-den-sueden.de\/index.php?rest_route=\/wp\/v2\/pages"}],"about":[{"href":"https:\/\/fuer-den-sueden.de\/index.php?rest_route=\/wp\/v2\/types\/page"}],"author":[{"embeddable":true,"href":"https:\/\/fuer-den-sueden.de\/index.php?rest_route=\/wp\/v2\/users\/1"}],"replies":[{"embeddable":true,"href":"https:\/\/fuer-den-sueden.de\/index.php?rest_route=%2Fwp%2Fv2%2Fcomments&post=152"}],"version-history":[{"count":9,"href":"https:\/\/fuer-den-sueden.de\/index.php?rest_route=\/wp\/v2\/pages\/152\/revisions"}],"predecessor-version":[{"id":370,"href":"https:\/\/fuer-den-sueden.de\/index.php?rest_route=\/wp\/v2\/pages\/152\/revisions\/370"}],"wp:featuredmedia":[{"embeddable":true,"href":"https:\/\/fuer-den-sueden.de\/index.php?rest_route=\/wp\/v2\/media\/203"}],"wp:attachment":[{"href":"https:\/\/fuer-den-sueden.de\/index.php?rest_route=%2Fwp%2Fv2%2Fmedia&parent=152"}],"curies":[{"name":"wp","href":"https:\/\/api.w.org\/{rel}","templated":true}]}}