{"id":195,"date":"2015-01-30T19:55:21","date_gmt":"2015-01-30T19:55:21","guid":{"rendered":"http:\/\/fuer-den-sueden.de\/?page_id=195"},"modified":"2015-02-09T17:53:10","modified_gmt":"2015-02-09T17:53:10","slug":"bildung","status":"publish","type":"page","link":"https:\/\/fuer-den-sueden.de\/?page_id=195","title":{"rendered":"Bildung"},"content":{"rendered":"<p><span style=\"text-decoration: underline;\"><strong>Unterst\u00fctzung einer Dorfschule<\/strong><\/span><\/p>\n<p>Gemeinde: El Salto<br \/>\nProvinz: Jinotega<br \/>\nLand: Nicaragua<br \/>\nPartner: Soppexcca\/Jinotega<br \/>\nUnterst\u00fctzung: 14947 C\u00f3rdoba = 414 Euro im Kauf von Schulmaterialien wie B\u00fccher, Landkarten und Lernfolien<\/p>\n<p><a href=\"https:\/\/fuer-den-sueden.de\/wp-content\/uploads\/2015\/01\/El-Salto2.jpg\"><img loading=\"lazy\" decoding=\"async\" class=\"alignnone size-medium wp-image-190\" src=\"https:\/\/fuer-den-sueden.de\/wp-content\/uploads\/2015\/01\/El-Salto2-744x558.jpg\" alt=\"El Salto2\" width=\"744\" height=\"558\" srcset=\"https:\/\/fuer-den-sueden.de\/wp-content\/uploads\/2015\/01\/El-Salto2-744x558.jpg 744w, https:\/\/fuer-den-sueden.de\/wp-content\/uploads\/2015\/01\/El-Salto2-420x315.jpg 420w, https:\/\/fuer-den-sueden.de\/wp-content\/uploads\/2015\/01\/El-Salto2.jpg 800w\" sizes=\"(max-width: 744px) 100vw, 744px\" \/><\/a><a href=\"https:\/\/fuer-den-sueden.de\/wp-content\/uploads\/2015\/01\/El-Salto1.jpg\"><img loading=\"lazy\" decoding=\"async\" class=\"alignnone size-medium wp-image-189\" src=\"https:\/\/fuer-den-sueden.de\/wp-content\/uploads\/2015\/01\/El-Salto1-744x558.jpg\" alt=\"El Salto1\" width=\"744\" height=\"558\" srcset=\"https:\/\/fuer-den-sueden.de\/wp-content\/uploads\/2015\/01\/El-Salto1-744x558.jpg 744w, https:\/\/fuer-den-sueden.de\/wp-content\/uploads\/2015\/01\/El-Salto1-420x315.jpg 420w, https:\/\/fuer-den-sueden.de\/wp-content\/uploads\/2015\/01\/El-Salto1.jpg 800w\" sizes=\"(max-width: 744px) 100vw, 744px\" \/><\/a><a href=\"https:\/\/fuer-den-sueden.de\/wp-content\/uploads\/2015\/01\/El-Salto4.jpg\"><img loading=\"lazy\" decoding=\"async\" class=\"alignnone size-medium wp-image-191\" src=\"https:\/\/fuer-den-sueden.de\/wp-content\/uploads\/2015\/01\/El-Salto4-744x558.jpg\" alt=\"El Salto4\" width=\"744\" height=\"558\" srcset=\"https:\/\/fuer-den-sueden.de\/wp-content\/uploads\/2015\/01\/El-Salto4-744x558.jpg 744w, https:\/\/fuer-den-sueden.de\/wp-content\/uploads\/2015\/01\/El-Salto4-420x315.jpg 420w, https:\/\/fuer-den-sueden.de\/wp-content\/uploads\/2015\/01\/El-Salto4.jpg 800w\" sizes=\"(max-width: 744px) 100vw, 744px\" \/><\/a><\/p>\n<p>In den l\u00e4ndlichen Gemeinden im Umland von Jinotega ist, wie in gesamten Nicaragua, der Gro\u00dfteil der lokalen Bev\u00f6lkerung sehr jung. \u00dcber 55 Prozent Nicaraguas sind unter 25 Jahre alt, auf dem Land noch ein h\u00f6herer Prozentsatz, doch gerade f\u00fcr diese Klientel fehlen soziale und kulturelle Angebote. Nicht selten pr\u00e4gen eine prek\u00e4re Arbeits- und Lebenslage, eingeschr\u00e4nkte Mobilit\u00e4t, Perspektivlosigkeit, intrafamili\u00e4re Konflikte und Drogenmissbrauch das Leben der jungen Leute auf dem Land.<\/p>\n<p>Eine Gemeinde, die besonders betroffen ist, hei\u00dft El Salto. Diese liegt in einem Naturschutzgebiet abseits der Hauptverbindungswege auf 1300 Meter H\u00f6he. Die Gemeinde lebt, wie die gesamte Region, von der Landwirtschaft. Aufgrund der geografischen Gegebenheiten, es ist hier sehr bergig, ist die Gemeinde mit ihren 190 H\u00e4usern und rund 1000 Einwohnern sehr weitl\u00e4ufig und verf\u00fcgt \u00fcber keinen klassischen Ortskern. Nur zwei Mal am Tag gibt es einen Bus in die Provinzhauptstadt Jinotega. Der Weg zur Landstra\u00dfe nach Jinotega ist sehr schlecht und nur in der Trockenzeit befahrbar.<br \/>\nSeit vier Jahren verf\u00fcgt die Gemeinde \u00fcber Elektrizit\u00e4t. Die meisten H\u00e4user und H\u00fctten haben Wasseranschl\u00fcsse, welches aus den Bergen kommt. In El Salto gibt es jedoch keinen Sportplatz und keine Institutionen, die Freizeitarbeit anbieten sowie aufkl\u00e4rerisch und unterst\u00fctzend f\u00fcr die Bev\u00f6lkerung t\u00e4tig sind. Das Fehlen von Angeboten und der gesellschaftlich weit verbreitete Konsum von Alkohol haben hier zu einem Problem von Alkoholmissbrauch, Gewalt und Kriminalit\u00e4t gef\u00fchrt. Allein in El Salto gibt es sieben illegale Verkaufsstellen von Alkohol, die billigen Schnaps, der halbe Liter f\u00fcr umgerechnet einen Euro, anbieten. Dabei ist El Salto eine der \u00e4rmsten Gemeinden in der Provinz.<\/p>\n<p>In El Salto gibt es seit den 1980er Jahren eine Schule, die erst von der lokalen Bev\u00f6lkerung organisiert und sp\u00e4ter in das staatliche System \u00fcbernommen wurde. Fr\u00fcher bestand die Schule aus einem kleinen Holzhaus, mit der Zeit entstanden andere H\u00e4user, 2010 erhielt die Schule ein Dach aus Zink und 2012 erfolgte durch eine spanische Organisation die Renovierung und Errichtung eines weiteren Steinhauses. Derzeit unterrichten sechs Lehrer die 177 Kinder in den verschiedenen Jahrgangsstufen.<br \/>\nDabei zeigt sich in El Salto exemplarisch, wo die Probleme im Bildungssystem Nicaraguas liegen. W\u00e4hrend in der ersten Klasse noch 61 Kinder, darunter 37 M\u00e4dchen, teilnehmen, sind es in der zweiten und dritten Klasse jeweils nur noch 37 Sch\u00fcler und verringert sich die Zahl schlie\u00dflich bis zur f\u00fcnften Klasse auf 14 Teilnehmende und in der sechsten Klasse auf sieben an der Zahl, darunter 5 M\u00e4dchen. Schulunterbrechungen sind allgegenw\u00e4rtig und haben oftmals mit \u00f6konomischen Gr\u00fcnden, dem Schulweg oder dem fehlenden Interesse an Bildung von Kindern und Eltern zu tun.<\/p>\n<p>Doch kann die Bildungssituation nat\u00fcrlich nicht isoliert von der Armut betrachtet werden. Nicaragua ist das zweit\u00e4rmste Land Lateinamerikas. Besonders auf dem Land ist die Armut der Menschen sehr hoch. Auch wenn die Regierung sich bem\u00fcht, durch Reformen und Angebote die zumindest in vielen Gemeinden existierenden Grundschulen zu unterst\u00fctzen, so sind die Lehrer chronisch unterbezahlt und fehlt es in den Schulen h\u00e4ufig an Ausstattung und Lernmaterialien.<br \/>\nIm Vergleich zu den anderen L\u00e4ndern Zentralamerikas verdienen die 36.000 Grundschullehrer in Nicaragua trotz einer Erh\u00f6hung der Geh\u00e4lter in diesem Jahr mit rund 155 Euro im Monat sehr wenig, w\u00e4hrend in im ebenfalls \u00e4rmlichen Nachbarland Honduras 350 Euro verdient werden. Dies und der R\u00fcckgang der Staatsausgaben f\u00fcr die Bildung auf 4,6 Prozent (2010) zeigen deutlich, dass die Bildung noch zu sehr vernachl\u00e4ssigt wird, obwohl Analphabetismus und das Fernbleiben von der Schule immer noch weit verbreitet sind.<\/p>\n<p>Das Schulsystem in Nicaragua besteht aus der Vorschule, die nicht obligatorisch ist, sowie der sechsj\u00e4hrigen Grundschule (Primaria) und der f\u00fcnfj\u00e4hrigen Sekundarschule (Secundaria). Der Abschluss des Abiturs berechtigt zum Besuch der Universit\u00e4t. Auf dem Land ist es wegen der in den fortgeschrittenen Jahrgangsstufen abnehmenden Sch\u00fclerzahl \u00fcblich, mehrere Jahrgangsstufen in einer Klasse zusammenzufassen.<br \/>\nAuch wenn der Schulbesuch kostenlos ist und die Regierung mit einem Essensprogramm und kleinen Schulpaketen die Familien unterst\u00fctzt, so besuchen, wie \u00fcberall auf dem Land, nur wenige Sch\u00fcler aus El Salto die Sekundarschule, die sich anderthalb Fu\u00dfstunden weit entfernt im n\u00e4chsten Ort befindet. F\u00fcr einige gibt es Bildungsprogramme, wie zum Beispiel den Schulabschluss am Wochenende nachzuholen. Stipendien f\u00fcr Sch\u00fcler sind jedoch noch eine Mangelware.<\/p>\n<p>Durch meine Arbeit in den Gemeinden wie in El Salto bekam ich viel pers\u00f6nlichen Kontakt zu den Familien und Kindern. Nach einigen Gespr\u00e4chen mit den Lehrern der Schule, Personen der Gemeinde und meinem Arbeitgeber Soppexcca entschlossen sich meine Familie und ich, die Schule zu unterst\u00fctzen.<br \/>\nDa Kleingruppen f\u00fcr eine bessere Lernatmosph\u00e4re sorgen, in der Schule aber nicht gen\u00fcgend B\u00fccher und Lernmaterialien vorhanden sind, haben wir zus\u00e4tzlich f\u00fcr die verschiedenen Jahrgangsstufen B\u00fccher und Material besorgt. Mit herzlichem Dank wurde die Spende entgegengenommen. Au\u00dferdem wurde eine weitere kleine Schule in San Antonio, ganz in der N\u00e4he von El Salto, unterst\u00fctzt.<\/p>\n","protected":false},"excerpt":{"rendered":"<p>Unterst\u00fctzung einer Dorfschule Gemeinde: El Salto Provinz: Jinotega Land: Nicaragua Partner: Soppexcca\/Jinotega Unterst\u00fctzung: 14947 C\u00f3rdoba = 414 Euro im Kauf von Schulmaterialien wie B\u00fccher, Landkarten und Lernfolien In den l\u00e4ndlichen Gemeinden im Umland von Jinotega ist, wie in gesamten Nicaragua,<\/p>\n","protected":false},"author":1,"featured_media":190,"parent":152,"menu_order":0,"comment_status":"closed","ping_status":"closed","template":"","meta":{"footnotes":""},"_links":{"self":[{"href":"https:\/\/fuer-den-sueden.de\/index.php?rest_route=\/wp\/v2\/pages\/195"}],"collection":[{"href":"https:\/\/fuer-den-sueden.de\/index.php?rest_route=\/wp\/v2\/pages"}],"about":[{"href":"https:\/\/fuer-den-sueden.de\/index.php?rest_route=\/wp\/v2\/types\/page"}],"author":[{"embeddable":true,"href":"https:\/\/fuer-den-sueden.de\/index.php?rest_route=\/wp\/v2\/users\/1"}],"replies":[{"embeddable":true,"href":"https:\/\/fuer-den-sueden.de\/index.php?rest_route=%2Fwp%2Fv2%2Fcomments&post=195"}],"version-history":[{"count":3,"href":"https:\/\/fuer-den-sueden.de\/index.php?rest_route=\/wp\/v2\/pages\/195\/revisions"}],"predecessor-version":[{"id":201,"href":"https:\/\/fuer-den-sueden.de\/index.php?rest_route=\/wp\/v2\/pages\/195\/revisions\/201"}],"up":[{"embeddable":true,"href":"https:\/\/fuer-den-sueden.de\/index.php?rest_route=\/wp\/v2\/pages\/152"}],"wp:featuredmedia":[{"embeddable":true,"href":"https:\/\/fuer-den-sueden.de\/index.php?rest_route=\/wp\/v2\/media\/190"}],"wp:attachment":[{"href":"https:\/\/fuer-den-sueden.de\/index.php?rest_route=%2Fwp%2Fv2%2Fmedia&parent=195"}],"curies":[{"name":"wp","href":"https:\/\/api.w.org\/{rel}","templated":true}]}}