{"id":198,"date":"2015-01-30T19:57:58","date_gmt":"2015-01-30T19:57:58","guid":{"rendered":"http:\/\/fuer-den-sueden.de\/?page_id=198"},"modified":"2015-02-09T17:53:10","modified_gmt":"2015-02-09T17:53:10","slug":"sport","status":"publish","type":"page","link":"https:\/\/fuer-den-sueden.de\/?page_id=198","title":{"rendered":"Sport"},"content":{"rendered":"<p><span style=\"text-decoration: underline;\"><strong>Unterst\u00fctzung einer l\u00e4ndlichen Fu\u00dfballmannschaft<\/strong><\/span><\/p>\n<p>Gemeinde: La Paz del Tuma<br \/>\nProvinz: Jinotega<br \/>\nLand: Nicaragua<br \/>\nPartner: Soppexcca\/Jinotega<br \/>\nUnterst\u00fctzung: 11890 C\u00f3rdoba = 329 Euro f\u00fcr einen Trikotsatz (Hemden und Hosen f\u00fcr 34 Spieler inklusive Nummernbeschriftung)<\/p>\n<p><a href=\"https:\/\/fuer-den-sueden.de\/wp-content\/uploads\/2015\/01\/Fu\u00dfball-1.jpg\"><img loading=\"lazy\" decoding=\"async\" class=\"alignnone size-medium wp-image-207\" src=\"https:\/\/fuer-den-sueden.de\/wp-content\/uploads\/2015\/01\/Fu\u00dfball-1-744x558.jpg\" alt=\"Fu\u00dfball 1\" width=\"744\" height=\"558\" srcset=\"https:\/\/fuer-den-sueden.de\/wp-content\/uploads\/2015\/01\/Fu\u00dfball-1-744x558.jpg 744w, https:\/\/fuer-den-sueden.de\/wp-content\/uploads\/2015\/01\/Fu\u00dfball-1-420x315.jpg 420w, https:\/\/fuer-den-sueden.de\/wp-content\/uploads\/2015\/01\/Fu\u00dfball-1.jpg 800w\" sizes=\"(max-width: 744px) 100vw, 744px\" \/><\/a><a href=\"https:\/\/fuer-den-sueden.de\/wp-content\/uploads\/2015\/01\/Fu\u00dfball-3.jpg\"><img loading=\"lazy\" decoding=\"async\" class=\"alignnone size-medium wp-image-208\" src=\"https:\/\/fuer-den-sueden.de\/wp-content\/uploads\/2015\/01\/Fu\u00dfball-3-744x558.jpg\" alt=\"Fu\u00dfball 3\" width=\"744\" height=\"558\" srcset=\"https:\/\/fuer-den-sueden.de\/wp-content\/uploads\/2015\/01\/Fu\u00dfball-3-744x558.jpg 744w, https:\/\/fuer-den-sueden.de\/wp-content\/uploads\/2015\/01\/Fu\u00dfball-3-420x315.jpg 420w, https:\/\/fuer-den-sueden.de\/wp-content\/uploads\/2015\/01\/Fu\u00dfball-3.jpg 800w\" sizes=\"(max-width: 744px) 100vw, 744px\" \/><\/a><\/p>\n<p>Die Provinz Jinotega z\u00e4hlt zu den \u00e4rmsten Regionen in einem der \u00e4rmsten L\u00e4nder Lateinamerikas. Einziger Wirtschaftszweig ist die Landwirtschaft, hier vor allem der Kaffeeanbau. Eine schwierige Arbeits- und Lebenslage, eingeschr\u00e4nkte Mobilit\u00e4t, Perspektivlosigkeit, intrafamili\u00e4re Konflikte, Gewalt und Drogenmissbrauch pr\u00e4gen unter anderem das Leben der jungen Leute auf dem Land. Ein Gro\u00dfteil der Bev\u00f6lkerung ist unter 25 Jahre alt, doch gerade f\u00fcr diese jungen Menschen fehlen soziale und kulturelle Angebote. Der Fu\u00dfball ist nat\u00fcrlich auch hier sehr beliebt, wenn auch in einigen Gemeinden der Baseball als Nationalsport weiterhin die bestimmende Sportart ist.<\/p>\n<p>Derzeit sieht die Lage in den Gemeinden so aus, dass nur wenige \u00fcber einen geeigneten Sportplatz oder eine Fl\u00e4che zum Sporttreiben verf\u00fcgen und andere kulturelle oder sportliche Aktivit\u00e4ten kaum oder gar nicht angeboten werden. Dabei w\u00e4re der Fu\u00dfball eine M\u00f6glichkeit der sinnvollen Freizeitgestaltung, um dadurch pr\u00e4ventiv Langeweile, Gewalt oder Drogenmissbrauch vorzubeugen, vom positiven gesundheitlichen Aspekt des Sports mal abgesehen. In den Bergen im Norden Jinotegas befindet sich auch die Gemeinde La Paz del Tuma. Mit ihren gerade einmal 1200 Einwohnern sorgte sie im letzten Jahr aufgrund von mindestens f\u00fcnf bekannten Suiziden von Jugendlichen f\u00fcr gro\u00dfes Aufsehen in der Region. Ein zentraler Arbeitsort von mir war eben diese Gemeinde, die sich nun gl\u00fccklich sch\u00e4tzen darf, \u00fcber einen eigenen Trikotsatz f\u00fcr die dortige Fu\u00dfballmannschaft zu verf\u00fcgen.<\/p>\n<p>In La Paz del Tuma gibt es eine Spielfl\u00e4che, bestehend aus einem holprigen Acker mit Holztoren, die seit f\u00fcnf Jahren t\u00e4glich am Nachmittag bis zum Dunkelwerden von der Jugendmannschaft und dem Herrenteam genutzt werden. In der Jugendmannschaft (12-17 Jahre), diese gibt es erst seit einem Jahr, spielen aktuell 16 Personen und das Herrenteam besteht aus 18 Spielern. In der Region gibt es eine \u201eLiga campesina\u201c (Dorfliga), die in zwei Spielzeiten unterteilt ist. Von Februar bis Juni findet die Sommerliga und von Juli bis Dezember, in der Regenzeit, die sogenannte Winterliga statt. Jede Spielzeit wird mit einem Titel ausgezeichnet. Die Liga sind derzeit acht Gemeinden bzw. Teams organisiert, die als Startgeld 700 Cordobas (rund 20 Euro) bezahlen m\u00fcssen. Die Spieler des Meisters der Sommerliga 2013, La Paz del Tuma, k\u00f6nnen sich nun erstmals \u00fcber einen Satz Fu\u00dfballtrikots freuen, die von uns finanziert wurden.<\/p>\n","protected":false},"excerpt":{"rendered":"<p>Unterst\u00fctzung einer l\u00e4ndlichen Fu\u00dfballmannschaft Gemeinde: La Paz del Tuma Provinz: Jinotega Land: Nicaragua Partner: Soppexcca\/Jinotega Unterst\u00fctzung: 11890 C\u00f3rdoba = 329 Euro f\u00fcr einen Trikotsatz (Hemden und Hosen f\u00fcr 34 Spieler inklusive Nummernbeschriftung) Die Provinz Jinotega z\u00e4hlt zu den \u00e4rmsten Regionen<\/p>\n","protected":false},"author":1,"featured_media":207,"parent":152,"menu_order":0,"comment_status":"closed","ping_status":"closed","template":"","meta":{"footnotes":""},"_links":{"self":[{"href":"https:\/\/fuer-den-sueden.de\/index.php?rest_route=\/wp\/v2\/pages\/198"}],"collection":[{"href":"https:\/\/fuer-den-sueden.de\/index.php?rest_route=\/wp\/v2\/pages"}],"about":[{"href":"https:\/\/fuer-den-sueden.de\/index.php?rest_route=\/wp\/v2\/types\/page"}],"author":[{"embeddable":true,"href":"https:\/\/fuer-den-sueden.de\/index.php?rest_route=\/wp\/v2\/users\/1"}],"replies":[{"embeddable":true,"href":"https:\/\/fuer-den-sueden.de\/index.php?rest_route=%2Fwp%2Fv2%2Fcomments&post=198"}],"version-history":[{"count":3,"href":"https:\/\/fuer-den-sueden.de\/index.php?rest_route=\/wp\/v2\/pages\/198\/revisions"}],"predecessor-version":[{"id":206,"href":"https:\/\/fuer-den-sueden.de\/index.php?rest_route=\/wp\/v2\/pages\/198\/revisions\/206"}],"up":[{"embeddable":true,"href":"https:\/\/fuer-den-sueden.de\/index.php?rest_route=\/wp\/v2\/pages\/152"}],"wp:featuredmedia":[{"embeddable":true,"href":"https:\/\/fuer-den-sueden.de\/index.php?rest_route=\/wp\/v2\/media\/207"}],"wp:attachment":[{"href":"https:\/\/fuer-den-sueden.de\/index.php?rest_route=%2Fwp%2Fv2%2Fmedia&parent=198"}],"curies":[{"name":"wp","href":"https:\/\/api.w.org\/{rel}","templated":true}]}}