{"id":2,"date":"2014-11-21T04:51:49","date_gmt":"2014-11-21T04:51:49","guid":{"rendered":"http:\/\/localhost\/wordpress-4.0.1\/wordpress\/?page_id=2"},"modified":"2015-06-11T18:20:12","modified_gmt":"2015-06-11T18:20:12","slug":"sample-page","status":"publish","type":"page","link":"https:\/\/fuer-den-sueden.de\/?page_id=2","title":{"rendered":"Die Stiftung"},"content":{"rendered":"<p style=\"text-align: justify;\">Durch Reisen, aber auch durch Arbeits- und Studienaufenthalte in verschiedenen L\u00e4ndern der s\u00fcdlichen Welt, bekamen die Mitglieder der Familie Raschke Einblicke in die Lebensbedingungen der Menschen und dem daraus resultierenden Bedarf nach Unterst\u00fctzung von sozialen Projekten.<\/p>\n<p style=\"text-align: justify;\">Armut, Marginalisierung und soziale Ungleichheit nehmen in vielen L\u00e4ndern dieser Welt zu, w\u00e4hrend im Norden der Reichtum akkumuliert wird. Betroffen sind besonders Kinder und Jugendliche, deren Zukunft stark von den inneren Faktoren der jeweiligen L\u00e4nder, aber auch von den \u00e4u\u00dferen Faktoren der Weltpolitik abh\u00e4ngt. Verantwortlich hierf\u00fcr sind unter anderem die industrialisierten L\u00e4nder, die \u00fcber vielf\u00e4ltige politische und \u00f6konomische Mechanismen zur ungleichen Verteilung der Ressourcen und des Reichtums beisteuern.<\/p>\n<p style=\"text-align: justify;\">Ein Engagement ist deshalb auf verschiedenen Ebenen, wie zum Beispiel im sozialen Bereich, gefordert. Insbesondere ist die Bildung ein elementares Gut, um die Arbeits- und Lebensbedingungen in den s\u00fcdlichen L\u00e4ndern der Welt zu verbessern. Grundlage der Stiftung sind eine emanzipatorische Praxis, Nachhaltigkeit und eine horizontale Beziehung zwischen der Stiftung und den Stiftungsprojekten sowie den daran beteiligten Organisationen und Institutionen.<\/p>\n<p style=\"text-align: justify;\">Die Stiftung \u201eF\u00fcr den S\u00fcden \u2013 Stiftung der Familie Raschke\u201c der Familie Raschke will ihren Teil beitragen zu einer sozialen und solidarischen Welt.<\/p>\n<p>&nbsp;<\/p>\n<p><strong>Ausz\u00fcge aus der Satzung:<\/strong><\/p>\n<ul>\n<li style=\"text-align: justify;\">Die Stiftung \u201eF\u00fcr den S\u00fcden \u2013 Stiftung der Familie Raschke\u201c hat ihren Sitz in Potsdam, Bundesland Brandenburg.<br \/>\nSie ist eine rechtsf\u00e4hige Stiftung des b\u00fcrgerlichen Rechts.<\/li>\n<\/ul>\n<ul>\n<li style=\"text-align: justify;\">Zweck der Stiftung ist F\u00f6rderung der Entwicklungszusammenarbeit. Die Stiftung will benachteiligte Kinder, Jugendliche und bed\u00fcrftige Menschen in den sozialen Bereichen wie Bildung, Gesundheit, Jugend, Kultur und Sport unterst\u00fctzen. Im Mittelpunkt steht ein w\u00fcrdevolles Leben f\u00fcr den bed\u00fcrftigen Personenkreis vor allem auf dem lateinamerikanischen Kontinent, jedoch unabh\u00e4ngig von nationaler und sozialer Herkunft, Geschlecht und Religion. Zudem hat die Stiftung \u201eF\u00fcr den S\u00fcden \u2013 Stiftung der Familie Raschke\u201c das Ziel, das \u00f6ffentliche Bewusstsein f\u00fcr die Notwendigkeit von Solidarit\u00e4t und Ganzheitlichkeit, insbesondere im Kontext der Toleranz und V\u00f6lkerverst\u00e4ndigung, zu f\u00f6rdern.<\/li>\n<\/ul>\n<ul>\n<li style=\"text-align: justify;\">Die Stiftung \u201eF\u00fcr den S\u00fcden \u2013 Stiftung der Familie Raschke\u201c verfolgt ausschlie\u00dflich und unmittelbar gemeinn\u00fctzige und mildt\u00e4tige, steuerbeg\u00fcnstigte Zwecke im Sinne der Abgabenordnung.<br \/>\nDie Stiftung ist selbstlos t\u00e4tig; sie verfolgt nicht in erster Linie eigenwirtschaftliche Zwecke. Die Mittel der Stiftung d\u00fcrfen nur f\u00fcr satzungsm\u00e4\u00dfige Zwecke verwendet werden.<\/li>\n<\/ul>\n","protected":false},"excerpt":{"rendered":"<p>Durch Reisen, aber auch durch Arbeits- und Studienaufenthalte in verschiedenen L\u00e4ndern der s\u00fcdlichen Welt, bekamen die Mitglieder der Familie Raschke Einblicke in die Lebensbedingungen der Menschen und dem daraus resultierenden Bedarf nach Unterst\u00fctzung von sozialen Projekten. Armut, Marginalisierung und soziale<\/p>\n","protected":false},"author":1,"featured_media":0,"parent":0,"menu_order":0,"comment_status":"closed","ping_status":"open","template":"","meta":{"footnotes":""},"_links":{"self":[{"href":"https:\/\/fuer-den-sueden.de\/index.php?rest_route=\/wp\/v2\/pages\/2"}],"collection":[{"href":"https:\/\/fuer-den-sueden.de\/index.php?rest_route=\/wp\/v2\/pages"}],"about":[{"href":"https:\/\/fuer-den-sueden.de\/index.php?rest_route=\/wp\/v2\/types\/page"}],"author":[{"embeddable":true,"href":"https:\/\/fuer-den-sueden.de\/index.php?rest_route=\/wp\/v2\/users\/1"}],"replies":[{"embeddable":true,"href":"https:\/\/fuer-den-sueden.de\/index.php?rest_route=%2Fwp%2Fv2%2Fcomments&post=2"}],"version-history":[{"count":7,"href":"https:\/\/fuer-den-sueden.de\/index.php?rest_route=\/wp\/v2\/pages\/2\/revisions"}],"predecessor-version":[{"id":334,"href":"https:\/\/fuer-den-sueden.de\/index.php?rest_route=\/wp\/v2\/pages\/2\/revisions\/334"}],"wp:attachment":[{"href":"https:\/\/fuer-den-sueden.de\/index.php?rest_route=%2Fwp%2Fv2%2Fmedia&parent=2"}],"curies":[{"name":"wp","href":"https:\/\/api.w.org\/{rel}","templated":true}]}}