{"id":21,"date":"2015-01-16T13:25:06","date_gmt":"2015-01-16T13:25:06","guid":{"rendered":"http:\/\/fuer-den-sueden.de\/?page_id=21"},"modified":"2015-06-11T18:21:07","modified_gmt":"2015-06-11T18:21:07","slug":"pagina-de-ejemplo-1","status":"publish","type":"page","link":"https:\/\/fuer-den-sueden.de\/?page_id=21","title":{"rendered":"La Fundaci\u00f3n"},"content":{"rendered":"<p style=\"text-align: justify;\">Por viajar, pero tambi\u00e9n por trabajo y estudio en diferentes pa\u00edses del sur del mundo, los miembros de la familia Raschke se han formado una idea de las condiciones de vida de las personas y de ello la necesidad de apoyo a proyectos sociales.<\/p>\n<p style=\"text-align: justify;\">La pobreza, la marginaci\u00f3n y la desigualdad social aumenta en muchos pa\u00edses de todo el mundo, mientras que en el norte se acumula la riqueza. Esto afecta particularmente a ni\u00f1os y j\u00f3venes y su futuro que depende en gran medida de los factores internos de los respectivos pa\u00edses pero tambi\u00e9n de los factores externos en la pol\u00edtica mundial. Responsable de esto, entre otras cosas, son los pa\u00edses industrializados, que contribuyen con una variedad de mecanismos pol\u00edticos y econ\u00f3micos a la distribuci\u00f3n desigual de los recursos y la riqueza.<\/p>\n<p style=\"text-align: justify;\">Por eso, se requiere un compromiso en diferentes niveles, por ejemplo en el contexto social. Especialmente la educaci\u00f3n es un derecho fundamental para mejorar las condiciones de vida y de trabajo en los pa\u00edses del sur. Bases de la Fundaci\u00f3n son una pr\u00e1ctica emancipatoria, la sustentabilidad y una relaci\u00f3n horizontal entre la Fundaci\u00f3n y los proyectos de la Fundaci\u00f3n as\u00ed como las organizaciones e instituciones involucradas.<\/p>\n<p style=\"text-align: justify;\">La Fundaci\u00f3n \u201eF\u00fcr den S\u00fcden \u2013 Stiftung der Familie Raschke\u201c (\u201ePor el Sur &#8211; Fundaci\u00f3n de la familia Raschke\u201d) de la familia Raschke quiere hacer su parte para contribuir a un mundo social y solidario.<\/p>\n<p style=\"text-align: justify;\"><strong>Extractos del estatuto de la fundaci\u00f3n:<\/strong><\/p>\n<ul>\n<li style=\"text-align: justify;\">La Fundaci\u00f3n \u201eF\u00fcr den S\u00fcden \u2013 Stiftung der Familie Raschke\u201c tiene su sede en Potsdam, Brandeburgo.<br \/>\nSe trata de una fundaci\u00f3n con capacidad jur\u00eddica constituida en la ley civil.<\/li>\n<\/ul>\n<ul>\n<li style=\"text-align: justify;\">El prop\u00f3sito de la Fundaci\u00f3n es la promoci\u00f3n de la cooperaci\u00f3n al desarrollo. La Fundaci\u00f3n quiere ayudar a ni\u00f1os desfavorecidos, j\u00f3venes y personas necesitadas en \u00e1reas sociales como la educaci\u00f3n, la salud, la juventud, la cultura y el deporte. El centro de inter\u00e9s es una vida digna para un c\u00edrculo de personas necesitadas, especialmente en el continente latinoamericano, pero independiente de su origen nacional y social, su sexo y su religi\u00f3n. Adem\u00e1s, la Fundaci\u00f3n \u201eF\u00fcr den S\u00fcden \u2013 Stiftung der Familie Raschke\u201c tiene la meta de promover la conciencia p\u00fablica sobre la necesidad de la solidaridad y la globalidad, particularmente en el contexto de la tolerancia y el entendimiento entre los pueblos.<\/li>\n<\/ul>\n<ul>\n<li style=\"text-align: justify;\">La Fundaci\u00f3n \u201eF\u00fcr den S\u00fcden \u2013 Stiftung der Familie Raschke\u201c persigue exclusiva y directamente objetivos ben\u00e9ficos sin fines de lucro y con privilegio fiscal en el sentido de la ley general tributaria.<br \/>\nLa Fundaci\u00f3n es sin fines de lucro y no persigue principalmente sus propios intereses econ\u00f3micos. Los fondos de la Fundaci\u00f3n s\u00f3lo se pueden usar para fines de acuerdo con el estatuto.<\/li>\n<\/ul>\n","protected":false},"excerpt":{"rendered":"<p>Por viajar, pero tambi\u00e9n por trabajo y estudio en diferentes pa\u00edses del sur del mundo, los miembros de la familia Raschke se han formado una idea de las condiciones de vida de las personas y de ello la necesidad de<\/p>\n","protected":false},"author":1,"featured_media":0,"parent":0,"menu_order":0,"comment_status":"closed","ping_status":"open","template":"","meta":{"footnotes":""},"_links":{"self":[{"href":"https:\/\/fuer-den-sueden.de\/index.php?rest_route=\/wp\/v2\/pages\/21"}],"collection":[{"href":"https:\/\/fuer-den-sueden.de\/index.php?rest_route=\/wp\/v2\/pages"}],"about":[{"href":"https:\/\/fuer-den-sueden.de\/index.php?rest_route=\/wp\/v2\/types\/page"}],"author":[{"embeddable":true,"href":"https:\/\/fuer-den-sueden.de\/index.php?rest_route=\/wp\/v2\/users\/1"}],"replies":[{"embeddable":true,"href":"https:\/\/fuer-den-sueden.de\/index.php?rest_route=%2Fwp%2Fv2%2Fcomments&post=21"}],"version-history":[{"count":9,"href":"https:\/\/fuer-den-sueden.de\/index.php?rest_route=\/wp\/v2\/pages\/21\/revisions"}],"predecessor-version":[{"id":336,"href":"https:\/\/fuer-den-sueden.de\/index.php?rest_route=\/wp\/v2\/pages\/21\/revisions\/336"}],"wp:attachment":[{"href":"https:\/\/fuer-den-sueden.de\/index.php?rest_route=%2Fwp%2Fv2%2Fmedia&parent=21"}],"curies":[{"name":"wp","href":"https:\/\/api.w.org\/{rel}","templated":true}]}}