{"id":243,"date":"2015-02-01T18:15:15","date_gmt":"2015-02-01T18:15:15","guid":{"rendered":"http:\/\/fuer-den-sueden.de\/?page_id=243"},"modified":"2015-06-11T18:25:53","modified_gmt":"2015-06-11T18:25:53","slug":"contacto-2","status":"publish","type":"page","link":"https:\/\/fuer-den-sueden.de\/?page_id=243","title":{"rendered":"Contacto"},"content":{"rendered":"<p><strong>Correo electr\u00f3nico<br \/>\n<\/strong><\/p>\n<p><a href=\"mailto:kontakt@fuer-den-sueden.de\">kontakt@fuer-den-sueden.de<\/a><\/p>\n<p>&nbsp;<\/p>\n<p><strong>Direcci\u00f3n:<\/strong><\/p>\n<p>F\u00fcr den S\u00fcden &#8211; Stiftung der Familie Raschke<\/p>\n<p>Fichtenallee 19<\/p>\n<p>14480 Potsdam<\/p>\n<p>Alemania<\/p>\n","protected":false},"excerpt":{"rendered":"<p>Correo electr\u00f3nico kontakt@fuer-den-sueden.de &nbsp; Direcci\u00f3n: F\u00fcr den S\u00fcden &#8211; Stiftung der Familie Raschke Fichtenallee 19 14480 Potsdam Alemania<\/p>\n","protected":false},"author":1,"featured_media":0,"parent":0,"menu_order":0,"comment_status":"closed","ping_status":"closed","template":"","meta":{"footnotes":""},"_links":{"self":[{"href":"https:\/\/fuer-den-sueden.de\/index.php?rest_route=\/wp\/v2\/pages\/243"}],"collection":[{"href":"https:\/\/fuer-den-sueden.de\/index.php?rest_route=\/wp\/v2\/pages"}],"about":[{"href":"https:\/\/fuer-den-sueden.de\/index.php?rest_route=\/wp\/v2\/types\/page"}],"author":[{"embeddable":true,"href":"https:\/\/fuer-den-sueden.de\/index.php?rest_route=\/wp\/v2\/users\/1"}],"replies":[{"embeddable":true,"href":"https:\/\/fuer-den-sueden.de\/index.php?rest_route=%2Fwp%2Fv2%2Fcomments&post=243"}],"version-history":[{"count":3,"href":"https:\/\/fuer-den-sueden.de\/index.php?rest_route=\/wp\/v2\/pages\/243\/revisions"}],"predecessor-version":[{"id":342,"href":"https:\/\/fuer-den-sueden.de\/index.php?rest_route=\/wp\/v2\/pages\/243\/revisions\/342"}],"wp:attachment":[{"href":"https:\/\/fuer-den-sueden.de\/index.php?rest_route=%2Fwp%2Fv2%2Fmedia&parent=243"}],"curies":[{"name":"wp","href":"https:\/\/api.w.org\/{rel}","templated":true}]}}