{"id":277,"date":"2015-06-11T06:54:29","date_gmt":"2015-06-11T06:54:29","guid":{"rendered":"http:\/\/fuer-den-sueden.de\/?page_id=277"},"modified":"2015-06-11T19:30:25","modified_gmt":"2015-06-11T19:30:25","slug":"kolumbien","status":"publish","type":"page","link":"https:\/\/fuer-den-sueden.de\/?page_id=277","title":{"rendered":"Kolumbien"},"content":{"rendered":"<p style=\"text-align: justify;\">Kolumbien ist ein Land im n\u00f6rdlichen S\u00fcdamerika, das K\u00fcsten sowohl zum Karibischen Meer als auch zum Pazifik hat. Landschaftlich ist Kolumbien vor allem von den Gebirgsz\u00fcgen und seiner Tiefebene im Osten gepr\u00e4gt. Mit dem tropischen Klima und seinen verschiedenen Naturr\u00e4umen besitzt das Land eine hohe Biodiversit\u00e4t.<\/p>\n<p style=\"text-align: justify;\">In Kolumbien leben rund 48 Millionen Menschen, davon fast 75% in den St\u00e4dten. Obwohl Kolumbien \u00fcber eine starke Wirtschaftskraft und viele wichtige nat\u00fcrliche Ressourcen verf\u00fcgt, ist die soziale Situation aufgrund des mehr als 50 Jahre bestehenden bewaffneten Konfliktes und der sozialen Ungleichheit sehr angespannt.<\/p>\n<p style=\"text-align: justify;\">Besonders die Landbev\u00f6lkerung ist von Armut und vom bewaffneten Konflikt betroffen. Eine kaum vorhandene soziale Infrastruktur, eine ungleiche Landverteilung, mangelnde Perspektiven in der Arbeitswelt und Armut sind ein reicher N\u00e4hrboden f\u00fcr Korruption, Kriminalit\u00e4t und Gewalt.<\/p>\n<p style=\"text-align: justify;\">Hoffnung gibt es f\u00fcr Kolumbien, weil sich zwei der verschiedenen Akteure des bewaffneten Konfliktes, die Regierung und die Guerilla FARC, derzeit in Friedensverhandlungen befinden. Die Stiftung \u201eF\u00fcr den S\u00fcden \u2013 Stiftung der Familie Raschke\u201c ist in einer vom B\u00fcrgerkrieg gekennzeichneten Region aktiv.<\/p>\n<div><\/div>\n<div><a href=\"https:\/\/fuer-den-sueden.de\/wp-content\/uploads\/2015\/01\/Karte_Kolumbien.jpg\"><img loading=\"lazy\" decoding=\"async\" class=\"alignnone wp-image-323 size-full\" src=\"https:\/\/fuer-den-sueden.de\/wp-content\/uploads\/2015\/01\/Karte_Kolumbien.jpg\" alt=\"Karte_Kolumbien\" width=\"210\" height=\"240\" \/><\/a><\/div>\n","protected":false},"excerpt":{"rendered":"<p>Kolumbien ist ein Land im n\u00f6rdlichen S\u00fcdamerika, das K\u00fcsten sowohl zum Karibischen Meer als auch zum Pazifik hat. Landschaftlich ist Kolumbien vor allem von den Gebirgsz\u00fcgen und seiner Tiefebene im Osten gepr\u00e4gt. Mit dem tropischen Klima und seinen verschiedenen Naturr\u00e4umen<\/p>\n","protected":false},"author":1,"featured_media":0,"parent":0,"menu_order":0,"comment_status":"closed","ping_status":"closed","template":"","meta":{"footnotes":""},"_links":{"self":[{"href":"https:\/\/fuer-den-sueden.de\/index.php?rest_route=\/wp\/v2\/pages\/277"}],"collection":[{"href":"https:\/\/fuer-den-sueden.de\/index.php?rest_route=\/wp\/v2\/pages"}],"about":[{"href":"https:\/\/fuer-den-sueden.de\/index.php?rest_route=\/wp\/v2\/types\/page"}],"author":[{"embeddable":true,"href":"https:\/\/fuer-den-sueden.de\/index.php?rest_route=\/wp\/v2\/users\/1"}],"replies":[{"embeddable":true,"href":"https:\/\/fuer-den-sueden.de\/index.php?rest_route=%2Fwp%2Fv2%2Fcomments&post=277"}],"version-history":[{"count":6,"href":"https:\/\/fuer-den-sueden.de\/index.php?rest_route=\/wp\/v2\/pages\/277\/revisions"}],"predecessor-version":[{"id":382,"href":"https:\/\/fuer-den-sueden.de\/index.php?rest_route=\/wp\/v2\/pages\/277\/revisions\/382"}],"wp:attachment":[{"href":"https:\/\/fuer-den-sueden.de\/index.php?rest_route=%2Fwp%2Fv2%2Fmedia&parent=277"}],"curies":[{"name":"wp","href":"https:\/\/api.w.org\/{rel}","templated":true}]}}