{"id":283,"date":"2015-06-11T06:55:43","date_gmt":"2015-06-11T06:55:43","guid":{"rendered":"http:\/\/fuer-den-sueden.de\/?page_id=283"},"modified":"2015-06-11T19:30:01","modified_gmt":"2015-06-11T19:30:01","slug":"nicaragua","status":"publish","type":"page","link":"https:\/\/fuer-den-sueden.de\/?page_id=283","title":{"rendered":"Nicaragua"},"content":{"rendered":"<p style=\"text-align: justify;\">Nicaragua liegt in Zentralamerika mit K\u00fcsten zur Karibik und zum Pazifik. W\u00e4hrend im Norden und Westen landschaftlich die Berge, die landwirtschaftlichen Nutzfl\u00e4chen und ein Gro\u00dfteil der 5,8 Millionen Menschen zu finden ist, ist der Osten des Landes weitgehend d\u00fcnn besiedelt und nur schwach entwickelt.<\/p>\n<p style=\"text-align: justify;\">Nicaragua ist das gr\u00f6\u00dfte, aber zugleich \u00e4rmste Land in Zentralamerika. Natureinfl\u00fcsse wie Erdbeben oder Hurrikane sowie Umweltsch\u00e4den wie weitreichende Waldzerst\u00f6rungen haben gro\u00dfen Einfluss auf Land und Leute. Hinzu kam eine lange Zeit der Diktatur und in den 1980er Jahren ein zehn Jahre andauernder B\u00fcrgerkrieg kurz nach der sozialistischen Revolution, der bis heute die Gesellschaft und die Wirtschaft bedingt.<\/p>\n<p style=\"text-align: justify;\">Obwohl die Landwirtschaft und der Tourismus die Hauptwirtschaftszweige sind, ist vor allem die Landbev\u00f6lkerung von Armut betroffen. Bis zu 70% von ihnen leben unter armuts\u00e4hnlichen Lebensbedingungen.<\/p>\n<p style=\"text-align: justify;\">Auch wenn im sozialen Bereich Fortschritte geleistet werden konnten, so sind die wirtschaftliche Misere, die erdr\u00fcckende Armut und eine Zunahme der Gewalt ernste Probleme, die von der Politik und der Gesellschaft gel\u00f6st werden m\u00fcssen. Die Stiftung \u201eF\u00fcr den S\u00fcden \u2013 Stiftung der Familie Raschke\u201c will ihren Beitrag dazu im Norden Nicaraguas leisten.<\/p>\n<p>&nbsp;<\/p>\n<div><a href=\"https:\/\/fuer-den-sueden.de\/wp-content\/uploads\/2015\/01\/Karte_Nicaragua.jpg\"><img loading=\"lazy\" decoding=\"async\" class=\"alignnone size-full wp-image-321\" src=\"https:\/\/fuer-den-sueden.de\/wp-content\/uploads\/2015\/01\/Karte_Nicaragua.jpg\" alt=\"Karte_Nicaragua\" width=\"282\" height=\"240\" \/><\/a><\/div>\n","protected":false},"excerpt":{"rendered":"<p>Nicaragua liegt in Zentralamerika mit K\u00fcsten zur Karibik und zum Pazifik. W\u00e4hrend im Norden und Westen landschaftlich die Berge, die landwirtschaftlichen Nutzfl\u00e4chen und ein Gro\u00dfteil der 5,8 Millionen Menschen zu finden ist, ist der Osten des Landes weitgehend d\u00fcnn besiedelt<\/p>\n","protected":false},"author":1,"featured_media":0,"parent":0,"menu_order":0,"comment_status":"closed","ping_status":"closed","template":"","meta":{"footnotes":""},"_links":{"self":[{"href":"https:\/\/fuer-den-sueden.de\/index.php?rest_route=\/wp\/v2\/pages\/283"}],"collection":[{"href":"https:\/\/fuer-den-sueden.de\/index.php?rest_route=\/wp\/v2\/pages"}],"about":[{"href":"https:\/\/fuer-den-sueden.de\/index.php?rest_route=\/wp\/v2\/types\/page"}],"author":[{"embeddable":true,"href":"https:\/\/fuer-den-sueden.de\/index.php?rest_route=\/wp\/v2\/users\/1"}],"replies":[{"embeddable":true,"href":"https:\/\/fuer-den-sueden.de\/index.php?rest_route=%2Fwp%2Fv2%2Fcomments&post=283"}],"version-history":[{"count":7,"href":"https:\/\/fuer-den-sueden.de\/index.php?rest_route=\/wp\/v2\/pages\/283\/revisions"}],"predecessor-version":[{"id":381,"href":"https:\/\/fuer-den-sueden.de\/index.php?rest_route=\/wp\/v2\/pages\/283\/revisions\/381"}],"wp:attachment":[{"href":"https:\/\/fuer-den-sueden.de\/index.php?rest_route=%2Fwp%2Fv2%2Fmedia&parent=283"}],"curies":[{"name":"wp","href":"https:\/\/api.w.org\/{rel}","templated":true}]}}