{"id":391,"date":"2016-01-03T17:57:25","date_gmt":"2016-01-03T17:57:25","guid":{"rendered":"http:\/\/fuer-den-sueden.de\/?page_id=391"},"modified":"2016-01-03T18:02:53","modified_gmt":"2016-01-03T18:02:53","slug":"projekte-2015-in-nicaragua","status":"publish","type":"page","link":"https:\/\/fuer-den-sueden.de\/?page_id=391","title":{"rendered":"Projekte 2015 in Nicaragua"},"content":{"rendered":"<div lang=\"x-unicode\">\n<div>\n<div>\n<p>Projektinformationen:<\/p>\n<p>Die Union der landwirtschaftlichen Genossenschaften UCA Soppexcca R.L. ist eine Organisation, die im Jahr 1997 als eine Initiative von 68 Bauern entstanden ist, die mit ihrer Ernte in das Kaffee-Export-Gesch\u00e4ft beginnen wollten. UCA verf\u00fcgt derzeit \u00fcber 15 Jahre Gesch\u00e4ftserfahrungen und besteht aus 510 Kaffeebauern bzw. -produzenten, davon 340 M\u00e4nner und 170 Frauen in 16 Basiskooperativen (Genossenschaften) gruppiert, die im Gemeindebezirk von Jinotega und El Cu\u00e1 liegen. Durchschnittlich gibt es rund 34 aktive Mitglieder pro Genossenschaft. Die wirtschaftliche Hauptt\u00e4tigkeit ist der Anbau von Kaffee (Kaffee Arabica).<\/p>\n<p>Projektname: Ich spiele, ich lerne, ich teile und ich integriere mich<\/p>\n<p>Summe: 900 Euro<\/p>\n<p>Durchf\u00fchrungszeitraum: Ende 2015<\/p>\n<p>Beg\u00fcnstigte: 150 Kinder und Jugendliche<\/p>\n<p>Allgemeines:<\/p>\n<p>Das soziale Projekt soll dazu beitragen, bei Kindern eine gesunde Erholung zu f\u00f6rdern, sowie den Drogenkonsum, Gewalt und Selbstmorde bei jungen Kindern in den Agrargenossenschaften von UCA Soppexcca verringern. Durch die Umsetzung von Aktivit\u00e4ten mit der Einbeziehung ihrer jeweiligen D\u00f6rfer soll eine umfassende Entwicklung und \u00c4nderung der Einstellung erm\u00f6glicht und das Selbstwertgef\u00fchl verbessert werden.<\/p>\n<p>Ziel:<\/p>\n<p>Die Voraussetzungen f\u00fcr gesunde Erholung, Gewaltpr\u00e4vention, Reduzierung der Langeweile, k\u00f6rperlicher Aktivit\u00e4t und die Nachwuchsf\u00f6rderung wird verbessert durch die Entwicklung von Freizeitaktivit\u00e4ten, Spielen, Vortr\u00e4ge und andere Aktivit\u00e4ten und f\u00f6rdert die Entwicklung von Kindern und Jugendlichen.<\/p>\n<p>Beschreibung:<\/p>\n<p>Das Projekt besteht in der Unterst\u00fctzung von etwa 150 Kindern und Jugendlichen aus f\u00fcnf armen D\u00f6rfern des Gemeindebezirkes Jinotega, die sich im Bereich des Einflusses der Vereinigung der Agrargenossenschaften UCA Soppexcca befinden.<\/p>\n<p>Das Projekt stattet die Basiskooperativen in La Paz del Tuma, Sierras Morenas, El Salto, Corinto Finca und Los Cerrones mit einigen B\u00e4lle, Sportzeug und Spiele f\u00fcr Kinder und Jugendliche aus, die es ihnen erm\u00f6glichen, soziale Kompetenzen weiter zu entwickeln. Am Ende soll mittels des Sportes auf diese Weise der Umgang mit schlechten Angewohnheiten, Drogen und Alkohol reduziert werden.<\/p>\n<p>Die Idee ist, dass in den erw\u00e4hnten D\u00f6rfern und speziell in den B\u00fcros der Kooperativen in den Nachmittagsstunden das Ausleihen von Spiel- und Sportzeug erleichtert wird, damit die jungen Menschen und Kinder gemeinsam in ihren D\u00f6rfern Sport treiben und Gesellschaftsspiele durchf\u00fchren k\u00f6nnen. Diese T\u00e4tigkeit wird mit den Bildungsaussch\u00fcssen der einzelnen Basiskooperativen koordiniert, da diese f\u00fcr das Ausleihen verantwortlich sind.<\/p>\n<p>Eine weitere Aktivit\u00e4t, die in dem Projekt stattfindet, ist die Sensibilisierung durch das Zeigen von Filme mit sozialem Inhalt oder die Themen wie Drogenkonsum, Missbrauch, Teamarbeit usw. behandeln. Am Ende des Films soll einen Raum der Reflektion ge\u00f6ffnet werden, in dem zusammen mit den jungen Menschen der Inhalt und die zu transportierende Message diskutiert wird.<\/p>\n<\/div>\n<\/div>\n<\/div>\n","protected":false},"excerpt":{"rendered":"<p>Projektinformationen: Die Union der landwirtschaftlichen Genossenschaften UCA Soppexcca R.L. ist eine Organisation, die im Jahr 1997 als eine Initiative von 68 Bauern entstanden ist, die mit ihrer Ernte in das Kaffee-Export-Gesch\u00e4ft beginnen wollten. UCA verf\u00fcgt derzeit \u00fcber 15 Jahre Gesch\u00e4ftserfahrungen<\/p>\n","protected":false},"author":1,"featured_media":0,"parent":0,"menu_order":0,"comment_status":"closed","ping_status":"closed","template":"","meta":{"footnotes":""},"_links":{"self":[{"href":"https:\/\/fuer-den-sueden.de\/index.php?rest_route=\/wp\/v2\/pages\/391"}],"collection":[{"href":"https:\/\/fuer-den-sueden.de\/index.php?rest_route=\/wp\/v2\/pages"}],"about":[{"href":"https:\/\/fuer-den-sueden.de\/index.php?rest_route=\/wp\/v2\/types\/page"}],"author":[{"embeddable":true,"href":"https:\/\/fuer-den-sueden.de\/index.php?rest_route=\/wp\/v2\/users\/1"}],"replies":[{"embeddable":true,"href":"https:\/\/fuer-den-sueden.de\/index.php?rest_route=%2Fwp%2Fv2%2Fcomments&post=391"}],"version-history":[{"count":4,"href":"https:\/\/fuer-den-sueden.de\/index.php?rest_route=\/wp\/v2\/pages\/391\/revisions"}],"predecessor-version":[{"id":396,"href":"https:\/\/fuer-den-sueden.de\/index.php?rest_route=\/wp\/v2\/pages\/391\/revisions\/396"}],"wp:attachment":[{"href":"https:\/\/fuer-den-sueden.de\/index.php?rest_route=%2Fwp%2Fv2%2Fmedia&parent=391"}],"curies":[{"name":"wp","href":"https:\/\/api.w.org\/{rel}","templated":true}]}}