{"id":409,"date":"2016-01-03T18:31:29","date_gmt":"2016-01-03T18:31:29","guid":{"rendered":"http:\/\/fuer-den-sueden.de\/?page_id=409"},"modified":"2016-01-03T18:31:29","modified_gmt":"2016-01-03T18:31:29","slug":"projekt-die-schlichter","status":"publish","type":"page","link":"https:\/\/fuer-den-sueden.de\/?page_id=409","title":{"rendered":"Projekt &#8222;Die Schlichter&#8220;"},"content":{"rendered":"<p>ENTWURF des Projektes \u201eSchlichter\u201c<\/p>\n<p>Der Einflussbereich des Projektes ist gekennzeichnet durch irregul\u00e4re Kriegsf\u00fchrung zwischen den verschiedenen bewaffneten Gruppen, insbesondere der Armee und der Guerilla. Dieser bewaffnete Konflikt existiert seit mehr als 5 Jahrzehnten. Die Gemeinde von Tello ist Teil eines geostrategischen Korridors, der das Departement Huila im Norden mit der Region Sumapaz, sowie im Osten mit den Provinzen Caquet\u00e1 und Meta verbindet. Genannte Gebiete sind Epizentren des bewaffneten Konfliktes. Als Ergebnis der permanenten milit\u00e4rischen Auseinandersetzungen sind die D\u00f6rfer h\u00e4ufiges Ziel von Menschenrechtsverletzungen und Verst\u00f6\u00dfen gegen das humanit\u00e4re V\u00f6lkerrecht.<\/p>\n<p>Im Fall des Projektes in der Gemeinde Tello wurde die Entwicklung von Strategien gef\u00f6rdert, die Menschenrechte und des humanit\u00e4ren V\u00f6lkerrechts zu verteidigen und zu sch\u00fctzendes. Dies geschah in Zusammenarbeit mit dem Dachverband der Gemeinder\u00e4te der Gemeinde Tello (Asociaci\u00f3n de Juntas de Acci\u00f3n Comunal de Tello), den humanit\u00e4ren Vermittlern (Gestores Humanitarios) der Region, in Begleitung mit Plataforma Sur de Procesos Sociales und nationalen sowie internationalen Organisationen. Ziel war die St\u00e4rkung der gemeinschaftlichen Mechanismen zu Justiz und Sicherheit f\u00fcr die Bev\u00f6lkerung und die Verbesserung der Bedingungen f\u00fcr die lokale Entwicklung.<\/p>\n<p>Da die Arbeit durch das Zentrum f\u00fcr Regionalstudien von South CERSUR getan wurde, haben wir festgestellt, dass Schlichtungsaussch\u00fcsse eine wichtige Rolle im Gemeinschaftsleben spielen und sie die das friedliche Zusammenleben von Menschen aus l\u00e4ndlichen Gebieten und die Vermittlung bzw. Schlichtung von kleinen, mittleren oder auch gro\u00dfen Konflikte f\u00f6rdern. Die Konflikte k\u00f6nnen sich zwischen Nachbarn zutragen, in den Familien oder sogar zwischen bewaffneten Gruppen und Zivilisten. Die Schlichter und Vermittler sind Menschen aus der Gemeinschaft, die eine von den Einwohnern des Dorfes oder der Gemeinde anerkannte Autorit\u00e4t haben. Sie besitzen F\u00fchrungsqualit\u00e4ten, kennen die geschichtlichen Zusammenh\u00e4nge der Region und sind mit ihr verwurzelt. Sie sind f\u00fcr die L\u00f6sung von Konflikten in der Gemeinde verantwortlich, setzen ihr Wissen ein und vermitteln nach dem Verfahren der Schlichtung.<\/p>\n<p>Diese Verfahrensweise ist rechtlich als einen Schritt bekannt, der Eintritt bevor eine Klage oder ein Gerichtsprozess angestrengt wird, in welcher ein Dritter entscheiden k\u00f6nnte. Auf diese Weise wird die Vers\u00f6hnung und Schlichtung als ein Mechanismus der Gerechtigkeit und zum Abschwellen eines Konflikts verstanden, als ein alternativer Weg zur L\u00f6sung von Problemen, bevor diese sich verfestigen.<\/p>\n<p>In diese Richtung schl\u00e4gt CERSUR eine audiovisuelle Produktion vor, die Initiativen des Zusammenlebens und der Konfliktl\u00f6sung mit l\u00e4ndlichen Bezug in der Gemeinde Tello \u00f6ffentlich macht, die als Referenz dient, um sozialen und bewaffneten Konflikten zu \u00fcberwinden und Auswege aufzuzeigen, die diese Region erlebt hat.<\/p>\n<p>ZIELE<\/p>\n<ol>\n<li>St\u00e4rkung einer Kultur des Zusammenlebens und friedliche L\u00f6sung des Konflikts der Bauern in der Region<\/li>\n<li>Produktion eines audiovisuellen St\u00fccks, das Initiativen zur alternativen Streitbeilegung sichtbar macht, was die Bauern von San Andr\u00e9s Tello anwenden<\/li>\n<li>Erstellen eines Werkzeuges f\u00fcr die politische Interessenvertretung der Gemeinden in Tello, Huila<\/li>\n<li>Einen Beitrag leisten zur Systematisierung der Erfahrungen des Friedens in der s\u00fcdkolumbianischen Region<\/li>\n<li>Die organisatorischen und technischen F\u00e4higkeiten mittels der audiovisuelle Produktion erzeugen eine Strategie der St\u00e4rkung f\u00fcr sozialen Organisationen in der Region<\/li>\n<\/ol>\n","protected":false},"excerpt":{"rendered":"<p>ENTWURF des Projektes \u201eSchlichter\u201c Der Einflussbereich des Projektes ist gekennzeichnet durch irregul\u00e4re Kriegsf\u00fchrung zwischen den verschiedenen bewaffneten Gruppen, insbesondere der Armee und der Guerilla. Dieser bewaffnete Konflikt existiert seit mehr als 5 Jahrzehnten. Die Gemeinde von Tello ist Teil eines<\/p>\n","protected":false},"author":1,"featured_media":0,"parent":0,"menu_order":0,"comment_status":"closed","ping_status":"closed","template":"","meta":{"footnotes":""},"_links":{"self":[{"href":"https:\/\/fuer-den-sueden.de\/index.php?rest_route=\/wp\/v2\/pages\/409"}],"collection":[{"href":"https:\/\/fuer-den-sueden.de\/index.php?rest_route=\/wp\/v2\/pages"}],"about":[{"href":"https:\/\/fuer-den-sueden.de\/index.php?rest_route=\/wp\/v2\/types\/page"}],"author":[{"embeddable":true,"href":"https:\/\/fuer-den-sueden.de\/index.php?rest_route=\/wp\/v2\/users\/1"}],"replies":[{"embeddable":true,"href":"https:\/\/fuer-den-sueden.de\/index.php?rest_route=%2Fwp%2Fv2%2Fcomments&post=409"}],"version-history":[{"count":1,"href":"https:\/\/fuer-den-sueden.de\/index.php?rest_route=\/wp\/v2\/pages\/409\/revisions"}],"predecessor-version":[{"id":410,"href":"https:\/\/fuer-den-sueden.de\/index.php?rest_route=\/wp\/v2\/pages\/409\/revisions\/410"}],"wp:attachment":[{"href":"https:\/\/fuer-den-sueden.de\/index.php?rest_route=%2Fwp%2Fv2%2Fmedia&parent=409"}],"curies":[{"name":"wp","href":"https:\/\/api.w.org\/{rel}","templated":true}]}}