{"id":411,"date":"2016-01-03T18:32:58","date_gmt":"2016-01-03T18:32:58","guid":{"rendered":"http:\/\/fuer-den-sueden.de\/?page_id=411"},"modified":"2016-01-03T18:32:58","modified_gmt":"2016-01-03T18:32:58","slug":"proyecto-los-conciliadores","status":"publish","type":"page","link":"https:\/\/fuer-den-sueden.de\/?page_id=411","title":{"rendered":"Proyecto &#8222;Los Conciliadores&#8220;"},"content":{"rendered":"<p>SINTESIS PROYECTO &#8222;LOS CONCILIADORES&#8220;<\/p>\n<p>La zona de influencia del proyecto se ha visto afectada por la guerra irregular entre los diferentes actores armados, especialmente Ej\u00e9rcito y las guerrillas desde hace ya mas de 5 d\u00e9cadas. El municipio de Tello hace parte del corredor geoestrat\u00e9tico que conecta al departamento del Huila hacia el norte con la regi\u00f3n del Sumapaz y hacia el oriente con los departamentos de Caquet\u00e1 y Meta. Como resultado de las confrontaciones b\u00e9licas sucesivas, las comunidades locales se han convirtido en blanco frecuente de violaci\u00f3n de derechos humanos y de infracci\u00f3n al DIH; Pasando el caso concreto del proyecto, en el municipio de Tello se han venido formulando estrategias de promoci\u00f3n, defensa y protecci\u00f3n de los derechos humanos y D.I.H. desde la Asociaci\u00f3n de Juntas de Acci\u00f3n Comunal de Tello, los Gestores Humanitarios de San Andr\u00e9s Tello con el acompa\u00f1amiento de Plataforma Sur de Procesos Sociales, y el apoyo de organizaciones nacionales e internacionales, en pro de fortalecer los mecanismos comunitarios de provisi\u00f3n de justicia y seguridad ciudadana, as\u00ed como el proyecto de vida de las comunidades rurales fundamentado en el mejoramiento de las condiciones de desarrollo local.<\/p>\n<p>Desde el trabajo realizado por el Centro de Estudios Regionales del Sur- CERSUR, hemos encontrado que los Comit\u00e9s de Conciliaci\u00f3n ejercen un importante papel en la vida comunitaria, ya que propenden por la convivencia pac\u00edfica de los habitantes rurales y median en conflictos de peque\u00f1a, mediana y gran envergadura, desde conflictos entre vecinos, intrafamiliares e inclusive entre actores armados y poblaci\u00f3n civil. Los Conciliadores son personas de la comunidad que cuentan con una autoridad reconocida por los habitantes de la vereda o el corregimiento, dado su nivel de liderazgo, historicidad o arraigo a la regi\u00f3n. Son los encargados de resolver los conflictos que la comunidad ponga en su conocimiento y mediar en los mismos, mediante el m\u00e9todo de la conciliaci\u00f3n. Este m\u00e9todo procesal se conoce en derecho como un paso previo antes de asumir una demanda o entrar en un proceso donde un tercero pueda decidir. De esta forma, la conciliaci\u00f3n se entiende como un mecanismo de descongesti\u00f3n de la justicia que resuelve un conflicto de manera alternativa antes que profundizarlo.<\/p>\n<p>Es en esta direcci\u00f3n que el CERSUR propone realizar una producci\u00f3n audiovisual que evidencie las iniciativas de convivencia y resoluci\u00f3n de conflictos desarrolladas desde la ruralidad en el municipio de Tello, lo cual sirva de referente para superar y trazar salidas al contexto de guerra y conflicto social y armado que ha vivido la regi\u00f3n.<\/p>\n<p>OBJETIVOS<\/p>\n<ol>\n<li>Fortalecer la cultura de convivencia y resoluci\u00f3n pac\u00edfica de conflicto de los campesinos y campesinas de la regi\u00f3n<\/li>\n<li>Producir una pieza audiovisual que visibilice las iniciativas de resoluci\u00f3n alternativa de conflictos que implementan los campesinos de San Andr\u00e9s de Tello<\/li>\n<li>Generar una herramienta para la incidencia pol\u00edtica de las comunidades de Tello, Huila<\/li>\n<li>Contribuir a la sistematizaci\u00f3n de las experiencias de paz de la regi\u00f3n del Surcolombiano<\/li>\n<li>Generar las capacidades organizativas y t\u00e9cnicas para la producci\u00f3n audiovisual como estrategia de fortalecimiento de las organizaciones sociales de la regi\u00f3n.<\/li>\n<\/ol>\n","protected":false},"excerpt":{"rendered":"<p>SINTESIS PROYECTO &#8222;LOS CONCILIADORES&#8220; La zona de influencia del proyecto se ha visto afectada por la guerra irregular entre los diferentes actores armados, especialmente Ej\u00e9rcito y las guerrillas desde hace ya mas de 5 d\u00e9cadas. El municipio de Tello hace<\/p>\n","protected":false},"author":1,"featured_media":0,"parent":0,"menu_order":0,"comment_status":"closed","ping_status":"closed","template":"","meta":{"footnotes":""},"_links":{"self":[{"href":"https:\/\/fuer-den-sueden.de\/index.php?rest_route=\/wp\/v2\/pages\/411"}],"collection":[{"href":"https:\/\/fuer-den-sueden.de\/index.php?rest_route=\/wp\/v2\/pages"}],"about":[{"href":"https:\/\/fuer-den-sueden.de\/index.php?rest_route=\/wp\/v2\/types\/page"}],"author":[{"embeddable":true,"href":"https:\/\/fuer-den-sueden.de\/index.php?rest_route=\/wp\/v2\/users\/1"}],"replies":[{"embeddable":true,"href":"https:\/\/fuer-den-sueden.de\/index.php?rest_route=%2Fwp%2Fv2%2Fcomments&post=411"}],"version-history":[{"count":1,"href":"https:\/\/fuer-den-sueden.de\/index.php?rest_route=\/wp\/v2\/pages\/411\/revisions"}],"predecessor-version":[{"id":412,"href":"https:\/\/fuer-den-sueden.de\/index.php?rest_route=\/wp\/v2\/pages\/411\/revisions\/412"}],"wp:attachment":[{"href":"https:\/\/fuer-den-sueden.de\/index.php?rest_route=%2Fwp%2Fv2%2Fmedia&parent=411"}],"curies":[{"name":"wp","href":"https:\/\/api.w.org\/{rel}","templated":true}]}}