{"id":44,"date":"2015-01-18T10:04:52","date_gmt":"2015-01-18T10:04:52","guid":{"rendered":"http:\/\/fuer-den-sueden.de\/?page_id=44"},"modified":"2015-06-11T18:22:23","modified_gmt":"2015-06-11T18:22:23","slug":"unterstuetzen-seite-1","status":"publish","type":"page","link":"https:\/\/fuer-den-sueden.de\/?page_id=44","title":{"rendered":"Unterst\u00fctzen"},"content":{"rendered":"<p><strong>Mit einer Spende k\u00f6nnen Sie eines unserer Projekte unterst\u00fctzen!<\/strong><\/p>\n<p>&nbsp;<\/p>\n<p><span style=\"text-decoration: underline;\">Die Bankverbindung der Stiftung:<\/span><\/p>\n<p><em>F\u00fcr den S\u00fcden &#8211; Stiftung der Familie Raschke<\/em><\/p>\n<p><em>IBAN: DE63 3705 0299 0000 4339 36<\/em><\/p>\n<p><em>SWIFT-BIC: COKSDE33XXX<\/em><\/p>\n<p><em>Bank: Kreissparkasse K\u00f6ln<\/em><\/p>\n","protected":false},"excerpt":{"rendered":"<p>Mit einer Spende k\u00f6nnen Sie eines unserer Projekte unterst\u00fctzen! &nbsp; Die Bankverbindung der Stiftung: F\u00fcr den S\u00fcden &#8211; Stiftung der Familie Raschke IBAN: DE63 3705 0299 0000 4339 36 SWIFT-BIC: COKSDE33XXX Bank: Kreissparkasse K\u00f6ln<\/p>\n","protected":false},"author":1,"featured_media":0,"parent":0,"menu_order":0,"comment_status":"closed","ping_status":"open","template":"","meta":{"footnotes":""},"_links":{"self":[{"href":"https:\/\/fuer-den-sueden.de\/index.php?rest_route=\/wp\/v2\/pages\/44"}],"collection":[{"href":"https:\/\/fuer-den-sueden.de\/index.php?rest_route=\/wp\/v2\/pages"}],"about":[{"href":"https:\/\/fuer-den-sueden.de\/index.php?rest_route=\/wp\/v2\/types\/page"}],"author":[{"embeddable":true,"href":"https:\/\/fuer-den-sueden.de\/index.php?rest_route=\/wp\/v2\/users\/1"}],"replies":[{"embeddable":true,"href":"https:\/\/fuer-den-sueden.de\/index.php?rest_route=%2Fwp%2Fv2%2Fcomments&post=44"}],"version-history":[{"count":5,"href":"https:\/\/fuer-den-sueden.de\/index.php?rest_route=\/wp\/v2\/pages\/44\/revisions"}],"predecessor-version":[{"id":337,"href":"https:\/\/fuer-den-sueden.de\/index.php?rest_route=\/wp\/v2\/pages\/44\/revisions\/337"}],"wp:attachment":[{"href":"https:\/\/fuer-den-sueden.de\/index.php?rest_route=%2Fwp%2Fv2%2Fmedia&parent=44"}],"curies":[{"name":"wp","href":"https:\/\/api.w.org\/{rel}","templated":true}]}}