{"id":496,"date":"2016-12-19T12:41:01","date_gmt":"2016-12-19T12:41:01","guid":{"rendered":"http:\/\/fuer-den-sueden.de\/?page_id=496"},"modified":"2016-12-19T12:41:01","modified_gmt":"2016-12-19T12:41:01","slug":"projekte-2016-in-nicaragua","status":"publish","type":"page","link":"https:\/\/fuer-den-sueden.de\/?page_id=496","title":{"rendered":"Projekte 2016 in Nicaragua"},"content":{"rendered":"<p>Projektinformationen:<\/p>\n<p>Die Union der landwirtschaftlichen Genossenschaften UCA Soppexcca R.L. ist eine Organisation, die im Jahr 1997 als eine Initiative von 68 Bauern entstanden ist, die mit ihrer Ernte in das Kaffee-Export-Gesch\u00e4ft beginnen wollten. UCA verf\u00fcgt derzeit \u00fcber mehr als 15 Jahre Gesch\u00e4ftserfahrungen und besteht aus \u00fcber Kaffeebauern bzw. -produzenten, die in rund 15 Basiskooperativen (Genossenschaften) organisiert sind. Die T\u00e4tigkeit von UCA Soppexcca findet im Gemeindebezirk von Jinotega und El Cu\u00e1 statt. Die wirtschaftliche Hauptt\u00e4tigkeit ist der Anbau von Kaffee. Zuletzt nahm der Kakaoanbau eine gr\u00f6\u00dfere Rolle ein. Ein Augenmerk liegt auch in der sozialen Arbeit der verschiedenen Kooperativen.<\/p>\n<p>Projektname: Ich spiele, ich lerne, ich teile und ich integriere mich (Fortsetzung)<\/p>\n<p>Summe: 1200 Euro<\/p>\n<p>Durchf\u00fchrungszeitraum: Ende 2016<\/p>\n<p>Beg\u00fcnstigte: 200 Kinder und Jugendliche<\/p>\n<p>Allgemeines:<\/p>\n<p>Im sozialen Projekt im Norden von Nicaragua geht es um einen Beitrag zur gesunden Lebensweise, Verringerung des Drogenkonsums und der Gewalt sowie von Selbstmorden bei jungen Menschen und Kindern in D\u00f6rfern. Dies geschieht durch die Umsetzung von sozialp\u00e4dagogischen Ma\u00dfnahmen und eine ganzheitliche Entwicklung, um Verhaltens\u00e4nderung zu f\u00f6rdern, das Selbstwertgef\u00fchl zu verbessern und die soziale Eingliederung in ihren Gemeinden zu erm\u00f6glichen. Dabei spielt der Sport eine gro\u00dfe Rolle, da er nicht nur ein gesundheitsf\u00f6rderndes Medium ist, sondern Sport die jungen Menschen begeistert und mit ihm spielerisch soziale Kompetenzen erlernt werden k\u00f6nnen.<\/p>\n<p>Ziel:<\/p>\n<p>Das Ziel dieser Aktivit\u00e4t ist es, mit Kindern und Jugendlichen Sportaktivit\u00e4ten durchzuf\u00fchren. Speziell geht es um Turniere in Fu\u00dfball, Volleyball, Basketball oder Schach, die vor allem in La Paz del Tuma in einem Trainingszentrum stattfinden. Das Projekt umschlie\u00dft etwa 200 Kinder und Jugendliche aus den armen Gemeinden in der N\u00e4he von Jinotega, die sich im Bereich des Einflusses von UCA Soppexcca befinden.<\/p>\n<p>Beschreibung:<\/p>\n<p>Das Projekt zielt darauf ab, f\u00fcnf Genossenschaften mit Sportausr\u00fcstung auszustatten. Sportartikel werden zum Beispiel f\u00fcr Fu\u00dfball, Basketball und Volleyball gekauft und es k\u00f6nnen sich Pokale und Medaillen f\u00fcr die Durchf\u00fchrung von Turnieren angeschafft werden. Es profitieren von der Spende Jugendliche und Kinder aus den Gemeinden von La Paz del Tuma, Sierras Morenas, El Salto, Finca Corinto und Los Cerrones.<\/p>\n<p>Zu den Sportaktivit\u00e4ten sollen p\u00e4dagogische Aktivit\u00e4ten in Form von Gespr\u00e4chsrunden zur Sensibilisierung von sozialen Themen in Schulen und in den Gemeinden stattfinden. Jugendliche selbst sollen andere junge Menschen motivieren und sensibilisieren, um an p\u00e4dagogischen Runden zu Themen wie Drogenmissbrauch, Alkohol, Gewalt, Kinderarbeit, Schwangerschaften im jungen Alter, sexueller Aufkl\u00e4rung und Migration teilzunehmen, um diese Themen zu reflektieren.<\/p>\n<p>Die Idee ist, dass bereits vorhandene soziale Aktivit\u00e4ten fortgesetzt und durch die Basiskooperativen durchgef\u00fchrt werden. Federf\u00fchrend bei den am Nachmittag geplanten Aktivit\u00e4ten f\u00fcr Jugendliche und junge Menschen sind die Bildungskomitees jeder Kooperative. Es sollen nicht nur Mitglieder der Kooperativen teilhaben k\u00f6nnen, sondern alle interessierten Kinder und Jugendlichen der Gemeinden.<\/p>\n","protected":false},"excerpt":{"rendered":"<p>Projektinformationen: Die Union der landwirtschaftlichen Genossenschaften UCA Soppexcca R.L. ist eine Organisation, die im Jahr 1997 als eine Initiative von 68 Bauern entstanden ist, die mit ihrer Ernte in das Kaffee-Export-Gesch\u00e4ft beginnen wollten. UCA verf\u00fcgt derzeit \u00fcber mehr als 15<\/p>\n","protected":false},"author":1,"featured_media":0,"parent":32,"menu_order":0,"comment_status":"closed","ping_status":"closed","template":"","meta":{"footnotes":""},"_links":{"self":[{"href":"https:\/\/fuer-den-sueden.de\/index.php?rest_route=\/wp\/v2\/pages\/496"}],"collection":[{"href":"https:\/\/fuer-den-sueden.de\/index.php?rest_route=\/wp\/v2\/pages"}],"about":[{"href":"https:\/\/fuer-den-sueden.de\/index.php?rest_route=\/wp\/v2\/types\/page"}],"author":[{"embeddable":true,"href":"https:\/\/fuer-den-sueden.de\/index.php?rest_route=\/wp\/v2\/users\/1"}],"replies":[{"embeddable":true,"href":"https:\/\/fuer-den-sueden.de\/index.php?rest_route=%2Fwp%2Fv2%2Fcomments&post=496"}],"version-history":[{"count":1,"href":"https:\/\/fuer-den-sueden.de\/index.php?rest_route=\/wp\/v2\/pages\/496\/revisions"}],"predecessor-version":[{"id":497,"href":"https:\/\/fuer-den-sueden.de\/index.php?rest_route=\/wp\/v2\/pages\/496\/revisions\/497"}],"up":[{"embeddable":true,"href":"https:\/\/fuer-den-sueden.de\/index.php?rest_route=\/wp\/v2\/pages\/32"}],"wp:attachment":[{"href":"https:\/\/fuer-den-sueden.de\/index.php?rest_route=%2Fwp%2Fv2%2Fmedia&parent=496"}],"curies":[{"name":"wp","href":"https:\/\/api.w.org\/{rel}","templated":true}]}}