{"id":53,"date":"2015-01-18T10:29:22","date_gmt":"2015-01-18T10:29:22","guid":{"rendered":"http:\/\/fuer-den-sueden.de\/?page_id=53"},"modified":"2015-06-11T07:12:15","modified_gmt":"2015-06-11T07:12:15","slug":"paises-pagina-1","status":"publish","type":"page","link":"https:\/\/fuer-den-sueden.de\/?page_id=53","title":{"rendered":"Pa\u00edses"},"content":{"rendered":"<p>Por favour por m\u00e1s informaciones sobre los pa\u00edses hace un clic en su pa\u00eds favorito.<\/p>\n","protected":false},"excerpt":{"rendered":"<p>Por favour por m\u00e1s informaciones sobre los pa\u00edses hace un clic en su pa\u00eds favorito.<\/p>\n","protected":false},"author":1,"featured_media":0,"parent":0,"menu_order":0,"comment_status":"closed","ping_status":"open","template":"","meta":{"footnotes":""},"_links":{"self":[{"href":"https:\/\/fuer-den-sueden.de\/index.php?rest_route=\/wp\/v2\/pages\/53"}],"collection":[{"href":"https:\/\/fuer-den-sueden.de\/index.php?rest_route=\/wp\/v2\/pages"}],"about":[{"href":"https:\/\/fuer-den-sueden.de\/index.php?rest_route=\/wp\/v2\/types\/page"}],"author":[{"embeddable":true,"href":"https:\/\/fuer-den-sueden.de\/index.php?rest_route=\/wp\/v2\/users\/1"}],"replies":[{"embeddable":true,"href":"https:\/\/fuer-den-sueden.de\/index.php?rest_route=%2Fwp%2Fv2%2Fcomments&post=53"}],"version-history":[{"count":5,"href":"https:\/\/fuer-den-sueden.de\/index.php?rest_route=\/wp\/v2\/pages\/53\/revisions"}],"predecessor-version":[{"id":309,"href":"https:\/\/fuer-den-sueden.de\/index.php?rest_route=\/wp\/v2\/pages\/53\/revisions\/309"}],"wp:attachment":[{"href":"https:\/\/fuer-den-sueden.de\/index.php?rest_route=%2Fwp%2Fv2%2Fmedia&parent=53"}],"curies":[{"name":"wp","href":"https:\/\/api.w.org\/{rel}","templated":true}]}}