{"id":560,"date":"2017-09-27T16:14:20","date_gmt":"2017-09-27T16:14:20","guid":{"rendered":"http:\/\/fuer-den-sueden.de\/?page_id=560"},"modified":"2017-09-27T16:23:58","modified_gmt":"2017-09-27T16:23:58","slug":"projekte-2017-in-kolumbien","status":"publish","type":"page","link":"https:\/\/fuer-den-sueden.de\/?page_id=560","title":{"rendered":"Projekte 2017 in Kolumbien"},"content":{"rendered":"<p><strong>Projektinformationen:<\/strong><\/p>\n<p>Wir als \u201eF\u00fcr den S\u00fcden \u2013 Stiftung der Familie Raschke\u201c unterst\u00fctzen in diesem Jahr ein Projekt der Erinnerungskultur mit der Partnerorganisation CERSUR in Kolumbien. Dort sind in diesem Jahr die Friedensverhandlungen zwischen FARC und kolumbianischer Regierung erfolgreich zu Ende gegangen. Ein elementarer Bestandteil in der Festigung von Frieden sind die Auseinandersetzung mit der Geschichte, Vers\u00f6hnung und Erinnerung. In Kolumbien sind viele Erinnerungsprojekte von der Zivilgesellschaft gegr\u00fcndet worden. Auch die ehemalige Guerilla und die Bev\u00f6lkerung verschiedener Regionen tragen ihren Beitrag zur Wahrheit und zur Geschichte des des Konfliktes bei. Vom Konflikt betroffene Provinzen sind zum Beispiel Caquet\u00e1 und Meta. Dort liegt unter anderem die Agrarschutzzone \u201eEl Pato\u201c, in der ein lokales Museum der Erinnerungskultur geplant ist. Auf dem Weg dorthin soll eine Ausstellung entstehen, die mittels Bildern, Fotografien, Videos, Interviews oder Ausstellungsst\u00fccken das Leben von Bauern und ehemaligen K\u00e4mpfern der Guerilla beschreibt.<\/p>\n<p><strong>Summe:<\/strong><\/p>\n<p>1400 Euro<\/p>\n<p><strong>Durchf\u00fchrungszeitraum:<\/strong><\/p>\n<p>2017\/18<\/p>\n<p><strong>Kooperationspartner:<\/strong><\/p>\n<p>CERSUR<br \/>\nDie regionale Forschung auf dem Gebiet der Sozial- und Geisteswissenschaften ist notwendig f\u00fcr das Entwerfen einer s\u00fcdlichen und lateinamerikanischen Maxime, die es erm\u00f6glicht, das Territorium anzuerkennen, lokale Identit\u00e4ten zu bewerten und den sozialen, politischen, \u00f6konomischen und kulturellen regionalen s\u00fcdlichen und kolumbianischen Kontext zu untersuchen.<br \/>\nDie Umsetzung der regionalen Forschung dient dem Land im Interesse der regionalen Entwicklung. Wir beraten \u00fcber Public Policy, realisieren Beratungen und lenken die sozialen, \u00f6konomischen, kulturellen und politischen Prozesse in der Region des s\u00fcdlichen Kolumbiens.<\/p>\n<p><strong>Ziel:<\/strong><\/p>\n<p>Friedensbildung, Unterst\u00fctzung des Friedensprozesses, Erinnerungsarbeit<br \/>\nPrim\u00e4r sollen Dokumente, Interviews und Materialien aus l\u00e4ndlichen Gebieten gesammelt werden. Diese sollen in einer Ausstellung zum bewaffneten Konflikt aus Perspektive von Regionen der b\u00e4uerlichen und aufst\u00e4ndischen Selbstorganisierung m\u00fcnden. Perspektivisch soll ein Museum der historischen Bildungsarbeit entstehen.<\/p>\n","protected":false},"excerpt":{"rendered":"<p>Projektinformationen: Wir als \u201eF\u00fcr den S\u00fcden \u2013 Stiftung der Familie Raschke\u201c unterst\u00fctzen in diesem Jahr ein Projekt der Erinnerungskultur mit der Partnerorganisation CERSUR in Kolumbien. Dort sind in diesem Jahr die Friedensverhandlungen zwischen FARC und kolumbianischer Regierung erfolgreich zu Ende<\/p>\n","protected":false},"author":1,"featured_media":0,"parent":0,"menu_order":0,"comment_status":"closed","ping_status":"closed","template":"","meta":{"footnotes":""},"_links":{"self":[{"href":"https:\/\/fuer-den-sueden.de\/index.php?rest_route=\/wp\/v2\/pages\/560"}],"collection":[{"href":"https:\/\/fuer-den-sueden.de\/index.php?rest_route=\/wp\/v2\/pages"}],"about":[{"href":"https:\/\/fuer-den-sueden.de\/index.php?rest_route=\/wp\/v2\/types\/page"}],"author":[{"embeddable":true,"href":"https:\/\/fuer-den-sueden.de\/index.php?rest_route=\/wp\/v2\/users\/1"}],"replies":[{"embeddable":true,"href":"https:\/\/fuer-den-sueden.de\/index.php?rest_route=%2Fwp%2Fv2%2Fcomments&post=560"}],"version-history":[{"count":6,"href":"https:\/\/fuer-den-sueden.de\/index.php?rest_route=\/wp\/v2\/pages\/560\/revisions"}],"predecessor-version":[{"id":567,"href":"https:\/\/fuer-den-sueden.de\/index.php?rest_route=\/wp\/v2\/pages\/560\/revisions\/567"}],"wp:attachment":[{"href":"https:\/\/fuer-den-sueden.de\/index.php?rest_route=%2Fwp%2Fv2%2Fmedia&parent=560"}],"curies":[{"name":"wp","href":"https:\/\/api.w.org\/{rel}","templated":true}]}}