{"id":570,"date":"2017-09-27T17:13:48","date_gmt":"2017-09-27T17:13:48","guid":{"rendered":"http:\/\/fuer-den-sueden.de\/?page_id=570"},"modified":"2017-09-27T17:14:12","modified_gmt":"2017-09-27T17:14:12","slug":"proyectos-2017-en-colombia","status":"publish","type":"page","link":"https:\/\/fuer-den-sueden.de\/?page_id=570","title":{"rendered":"Proyectos 2017 en Colombia"},"content":{"rendered":"<p><strong>Informaci\u00f3n del proyecto:<\/strong><\/p>\n<p>Nosotros, como \u201cPara el sur \u2013 Fundaci\u00f3n de la Familia Raschke\u201d apoyamos este a\u00f1o un proyecto de memoria hist\u00f3rica con la organizaci\u00f3n asociada CERSUR en Colombia. Las negociaciones de paz entre las FARC y el gobierno colombiano se han concluido con \u00e9xito este a\u00f1o. Un factor elemental en la consolidaci\u00f3n de la paz es la analisis de la historia, la reconciliaci\u00f3n y la memoria. En Colombia han sido establecidos muchos proyectos de la memoria hist\u00f3rica por la sociedad civil. Tambi\u00e9n los ex-guerrilleros y la poblaci\u00f3n local de diferentes regiones aportan su contribuci\u00f3n a la verdad ya la historia del conflicto. Provincias afectadas por el conflicto son por ejemplo Caquet\u00e1 y Meta. Alla se encuentra la Zona de reserva campesina \u201cEl Pato\u201d, en la que est\u00e1 organizando un museo local de la memoria hist\u00f3rica. Una meta para llegar al final ser\u00e1 una exposici\u00f3n que describe la vida de campesinos y ex-guerrilleros a trav\u00e9s de fotograf\u00edas, videos, entrevistas o exposiciones.<\/p>\n<p><strong>Importe de dinero:<\/strong><\/p>\n<p>1400 euros<\/p>\n<p><strong>Per\u00edodo de ejecuci\u00f3n:<\/strong><\/p>\n<p>2017\/18<\/p>\n<p><strong>Socio colaborador:<\/strong><\/p>\n<p>CERSUR<br \/>\nLa investigaci\u00f3n regional en el campo de las ciencias sociales y ciencias humanas es necesaria para el concepto de una m\u00e1xima del Surcolombiano y de Am\u00e9rica Latina que permita reconocer el territorio, evaluar las identidades locales y examinar el contexto regional, social, pol\u00edtico, econ\u00f3mico y cultural del sur en Colombia.<br \/>\nLa aplicaci\u00f3n de la investigaci\u00f3n regional sirve al pa\u00eds en inter\u00e9s del desarrollo regional. CERSUR asesora en pol\u00edticas p\u00fablicas, consultas y eata orientando los procesos sociales, econ\u00f3micos, culturales y pol\u00edticos en la regi\u00f3n del sur de Colombia.<\/p>\n<p><strong>Objetivo:<\/strong><\/p>\n<p>Consolidaci\u00f3n de la paz, apoyo al proceso de paz, trabajo de memoria hist\u00f3rica<br \/>\nEl objetivo principal es recoger documentos, entrevistas y materiales de las zonas rurales. De ah\u00ed se puede crear una exposici\u00f3n sobre el conflicto armado desde la perspectiva de regiones de autoorganizaci\u00f3n campesina e insurgente. Perspectivamente, se crear\u00e1 un museo de memoria hist\u00f3rica.<\/p>\n","protected":false},"excerpt":{"rendered":"<p>Informaci\u00f3n del proyecto: Nosotros, como \u201cPara el sur \u2013 Fundaci\u00f3n de la Familia Raschke\u201d apoyamos este a\u00f1o un proyecto de memoria hist\u00f3rica con la organizaci\u00f3n asociada CERSUR en Colombia. Las negociaciones de paz entre las FARC y el gobierno colombiano<\/p>\n","protected":false},"author":1,"featured_media":0,"parent":37,"menu_order":0,"comment_status":"closed","ping_status":"closed","template":"","meta":{"footnotes":""},"_links":{"self":[{"href":"https:\/\/fuer-den-sueden.de\/index.php?rest_route=\/wp\/v2\/pages\/570"}],"collection":[{"href":"https:\/\/fuer-den-sueden.de\/index.php?rest_route=\/wp\/v2\/pages"}],"about":[{"href":"https:\/\/fuer-den-sueden.de\/index.php?rest_route=\/wp\/v2\/types\/page"}],"author":[{"embeddable":true,"href":"https:\/\/fuer-den-sueden.de\/index.php?rest_route=\/wp\/v2\/users\/1"}],"replies":[{"embeddable":true,"href":"https:\/\/fuer-den-sueden.de\/index.php?rest_route=%2Fwp%2Fv2%2Fcomments&post=570"}],"version-history":[{"count":2,"href":"https:\/\/fuer-den-sueden.de\/index.php?rest_route=\/wp\/v2\/pages\/570\/revisions"}],"predecessor-version":[{"id":572,"href":"https:\/\/fuer-den-sueden.de\/index.php?rest_route=\/wp\/v2\/pages\/570\/revisions\/572"}],"up":[{"embeddable":true,"href":"https:\/\/fuer-den-sueden.de\/index.php?rest_route=\/wp\/v2\/pages\/37"}],"wp:attachment":[{"href":"https:\/\/fuer-den-sueden.de\/index.php?rest_route=%2Fwp%2Fv2%2Fmedia&parent=570"}],"curies":[{"name":"wp","href":"https:\/\/api.w.org\/{rel}","templated":true}]}}