{"id":59,"date":"2015-01-18T10:31:41","date_gmt":"2015-01-18T10:31:41","guid":{"rendered":"http:\/\/fuer-den-sueden.de\/?page_id=59"},"modified":"2015-06-11T18:22:49","modified_gmt":"2015-06-11T18:22:49","slug":"support-us-page-1","status":"publish","type":"page","link":"https:\/\/fuer-den-sueden.de\/?page_id=59","title":{"rendered":"Support"},"content":{"rendered":"<p><strong>By making a donation you can support one of our projects!<\/strong><\/p>\n<p>&nbsp;<\/p>\n<p><span style=\"text-decoration: underline;\"><span id=\"result_box\" class=\"\" lang=\"en\"><span class=\"hps\">The bank account<\/span> <span class=\"hps\">of the foundation<\/span><\/span>:<\/span><\/p>\n<p><em>F\u00fcr den S\u00fcden &#8211; Stiftung der Familie Raschke<\/em><\/p>\n<p><em>IBAN: DE63 3705 0299 0000 4339 36<\/em><\/p>\n<p><em>SWIFT-BIC: COKSDE33XXX<\/em><\/p>\n<p><em>Bank: Kreissparkasse K\u00f6ln<\/em><\/p>\n","protected":false},"excerpt":{"rendered":"<p>By making a donation you can support one of our projects! &nbsp; The bank account of the foundation: F\u00fcr den S\u00fcden &#8211; Stiftung der Familie Raschke IBAN: DE63 3705 0299 0000 4339 36 SWIFT-BIC: COKSDE33XXX Bank: Kreissparkasse K\u00f6ln<\/p>\n","protected":false},"author":1,"featured_media":0,"parent":0,"menu_order":0,"comment_status":"closed","ping_status":"open","template":"","meta":{"footnotes":""},"_links":{"self":[{"href":"https:\/\/fuer-den-sueden.de\/index.php?rest_route=\/wp\/v2\/pages\/59"}],"collection":[{"href":"https:\/\/fuer-den-sueden.de\/index.php?rest_route=\/wp\/v2\/pages"}],"about":[{"href":"https:\/\/fuer-den-sueden.de\/index.php?rest_route=\/wp\/v2\/types\/page"}],"author":[{"embeddable":true,"href":"https:\/\/fuer-den-sueden.de\/index.php?rest_route=\/wp\/v2\/users\/1"}],"replies":[{"embeddable":true,"href":"https:\/\/fuer-den-sueden.de\/index.php?rest_route=%2Fwp%2Fv2%2Fcomments&post=59"}],"version-history":[{"count":6,"href":"https:\/\/fuer-den-sueden.de\/index.php?rest_route=\/wp\/v2\/pages\/59\/revisions"}],"predecessor-version":[{"id":338,"href":"https:\/\/fuer-den-sueden.de\/index.php?rest_route=\/wp\/v2\/pages\/59\/revisions\/338"}],"wp:attachment":[{"href":"https:\/\/fuer-den-sueden.de\/index.php?rest_route=%2Fwp%2Fv2%2Fmedia&parent=59"}],"curies":[{"name":"wp","href":"https:\/\/api.w.org\/{rel}","templated":true}]}}