{"id":62,"date":"2015-01-18T10:32:48","date_gmt":"2015-01-18T10:32:48","guid":{"rendered":"http:\/\/fuer-den-sueden.de\/?page_id=62"},"modified":"2015-06-11T18:23:21","modified_gmt":"2015-06-11T18:23:21","slug":"ayudar-pagina-1","status":"publish","type":"page","link":"https:\/\/fuer-den-sueden.de\/?page_id=62","title":{"rendered":"Ayudar"},"content":{"rendered":"<p><strong><span id=\"result_box\" class=\"\" lang=\"en\"><span class=\"hps\"><span id=\"result_box\" class=\"\" lang=\"es\">Al hacer una donaci\u00f3n puede apoyar a uno de nuestros proyectos!<\/span><\/span><\/span><\/strong><\/p>\n<p>&nbsp;<\/p>\n<p><span style=\"text-decoration: underline;\">La cuenta bancaria de la fundaci\u00f3n:<span class=\"hps\"><br \/>\n<\/span><\/span><\/p>\n<p><em>F\u00fcr den S\u00fcden &#8211; Stiftung der Familie Raschke<\/em><\/p>\n<p><em>IBAN: DE63 3705 0299 0000 4339 36<\/em><\/p>\n<p><em>SWIFT-BIC: COKSDE33XXX<\/em><\/p>\n<p><em>Banco: Kreissparkasse K\u00f6ln<\/em><\/p>\n","protected":false},"excerpt":{"rendered":"<p>Al hacer una donaci\u00f3n puede apoyar a uno de nuestros proyectos! &nbsp; La cuenta bancaria de la fundaci\u00f3n: F\u00fcr den S\u00fcden &#8211; Stiftung der Familie Raschke IBAN: DE63 3705 0299 0000 4339 36 SWIFT-BIC: COKSDE33XXX Banco: Kreissparkasse K\u00f6ln<\/p>\n","protected":false},"author":1,"featured_media":0,"parent":0,"menu_order":0,"comment_status":"closed","ping_status":"open","template":"","meta":{"footnotes":""},"_links":{"self":[{"href":"https:\/\/fuer-den-sueden.de\/index.php?rest_route=\/wp\/v2\/pages\/62"}],"collection":[{"href":"https:\/\/fuer-den-sueden.de\/index.php?rest_route=\/wp\/v2\/pages"}],"about":[{"href":"https:\/\/fuer-den-sueden.de\/index.php?rest_route=\/wp\/v2\/types\/page"}],"author":[{"embeddable":true,"href":"https:\/\/fuer-den-sueden.de\/index.php?rest_route=\/wp\/v2\/users\/1"}],"replies":[{"embeddable":true,"href":"https:\/\/fuer-den-sueden.de\/index.php?rest_route=%2Fwp%2Fv2%2Fcomments&post=62"}],"version-history":[{"count":6,"href":"https:\/\/fuer-den-sueden.de\/index.php?rest_route=\/wp\/v2\/pages\/62\/revisions"}],"predecessor-version":[{"id":339,"href":"https:\/\/fuer-den-sueden.de\/index.php?rest_route=\/wp\/v2\/pages\/62\/revisions\/339"}],"wp:attachment":[{"href":"https:\/\/fuer-den-sueden.de\/index.php?rest_route=%2Fwp%2Fv2%2Fmedia&parent=62"}],"curies":[{"name":"wp","href":"https:\/\/api.w.org\/{rel}","templated":true}]}}