{"id":793,"date":"2019-04-08T06:12:11","date_gmt":"2019-04-08T06:12:11","guid":{"rendered":"http:\/\/fuer-den-sueden.de\/?page_id=793"},"modified":"2019-04-08T06:12:11","modified_gmt":"2019-04-08T06:12:11","slug":"projekte-2019-in-nicaragua","status":"publish","type":"page","link":"https:\/\/fuer-den-sueden.de\/?page_id=793","title":{"rendered":"Projekte 2019 in Nicaragua"},"content":{"rendered":"<p>Projektname:<\/p>\n<p>INNOVATION UND UNTERNEHMERGEIST JUNGER MENSCHEN MIT UMWELTANSATZ<\/p>\n<p>&nbsp;<\/p>\n<p>Projektinformation:<\/p>\n<p>Der vorliegende Projektvorschlag wird von einer Gruppe junger Menschen (M\u00e4nner und Frauen) von UCA SOPPEXCCA-Kooperativenmitgliedern gef\u00f6rdert, die in der Herstellung von Produkten aus wiederverwertbaren Abf\u00e4llen geschult werden. Junge Menschen werden die Sch\u00f6pfer von Produkten sein, die auf Kunststoffen, Pappe, Aluminium und anderen Materialien basieren, die zur Herstellung von Modeschmuck, Kunsthandwerk oder anderen Kreationen verwendet werden k\u00f6nnen, die in ihrer Gemeinde sehr verbreitet sind.<\/p>\n<p>F\u00fcr die Ausarbeitung der Produkte werden der Gruppe junger Menschen die Werkzeuge und einige notwendige Materialien f\u00fcr die Aufbereitung und das Recycling von Abf\u00e4llen zur Verf\u00fcgung gestellt. Die Jugendlichen werden von Personen, die Erfahrung mit diesem Thema haben, auf praktische Weise ausgebildet und nehmen am Austausch mit anderen Gruppen junger Menschen in dem Land und in den St\u00e4dten teil, die bereits Erfahrung mit dieser Art von Arbeit haben.<\/p>\n<p>Mit der Umsetzung dieses Vorschlags wollen wir einen Beitrag zur Pflege der Umwelt, zur Sensibilisierung der Bev\u00f6lkerung der Gemeinden in der Umweltfrage und zur Schaffung einer einkommensf\u00f6rdernden Alternative f\u00fcr junge Menschen leisten, mit der die jungen Menschen auch sinnvoll ihre Freizeit gestalten.<\/p>\n<p>UCA SOPPEXCCA wird junge Menschen durch die verantwortliche Person des sozialen Bereichs, die f\u00fcr die Begleitung der Arbeit der jungen Menschen zust\u00e4ndig ist, und das eingesetzte Material gut unterst\u00fctzen.<\/p>\n<p>&nbsp;<\/p>\n<p>Summe:<\/p>\n<p>880 Euro<\/p>\n<p>&nbsp;<\/p>\n<p>Allgemeines Ziel:<\/p>\n<p>Beitrag zum Erhalt der Umwelt, St\u00e4rkung der Recyclingkultur bei Jugendlichen durch Verwendung von Techniken zur Umwandlung wiederverwendbarer Produkte.<\/p>\n<p>&nbsp;<\/p>\n<p>Spezielles Ziel:<\/p>\n<ul>\n<li>Schulung und Anleitung junger Menschen in den Techniken zur Umwandlung wiederverwendbarer Produkte<\/li>\n<li>Ausarbeitung \u00f6kologischer Materialien durch die erlernten Techniken<\/li>\n<li>Sensibilisierung der Gemeinschaft und der Kooperative f\u00fcr die Bedeutung des Recycling<\/li>\n<\/ul>\n<p><a href=\"https:\/\/fuer-den-sueden.de\/wp-content\/uploads\/2019\/04\/uca.jpg\"><img loading=\"lazy\" decoding=\"async\" class=\"alignnone size-thumbnail wp-image-794\" src=\"https:\/\/fuer-den-sueden.de\/wp-content\/uploads\/2019\/04\/uca-420x203.jpg\" alt=\"\" width=\"420\" height=\"203\" srcset=\"https:\/\/fuer-den-sueden.de\/wp-content\/uploads\/2019\/04\/uca-420x203.jpg 420w, https:\/\/fuer-den-sueden.de\/wp-content\/uploads\/2019\/04\/uca-744x360.jpg 744w, https:\/\/fuer-den-sueden.de\/wp-content\/uploads\/2019\/04\/uca-768x371.jpg 768w, https:\/\/fuer-den-sueden.de\/wp-content\/uploads\/2019\/04\/uca.jpg 898w\" sizes=\"(max-width: 420px) 100vw, 420px\" \/><\/a><\/p>\n","protected":false},"excerpt":{"rendered":"<p>Projektname: INNOVATION UND UNTERNEHMERGEIST JUNGER MENSCHEN MIT UMWELTANSATZ &nbsp; Projektinformation: Der vorliegende Projektvorschlag wird von einer Gruppe junger Menschen (M\u00e4nner und Frauen) von UCA SOPPEXCCA-Kooperativenmitgliedern gef\u00f6rdert, die in der Herstellung von Produkten aus wiederverwertbaren Abf\u00e4llen geschult werden. Junge Menschen werden<\/p>\n","protected":false},"author":1,"featured_media":0,"parent":0,"menu_order":0,"comment_status":"closed","ping_status":"closed","template":"","meta":{"footnotes":""},"_links":{"self":[{"href":"https:\/\/fuer-den-sueden.de\/index.php?rest_route=\/wp\/v2\/pages\/793"}],"collection":[{"href":"https:\/\/fuer-den-sueden.de\/index.php?rest_route=\/wp\/v2\/pages"}],"about":[{"href":"https:\/\/fuer-den-sueden.de\/index.php?rest_route=\/wp\/v2\/types\/page"}],"author":[{"embeddable":true,"href":"https:\/\/fuer-den-sueden.de\/index.php?rest_route=\/wp\/v2\/users\/1"}],"replies":[{"embeddable":true,"href":"https:\/\/fuer-den-sueden.de\/index.php?rest_route=%2Fwp%2Fv2%2Fcomments&post=793"}],"version-history":[{"count":1,"href":"https:\/\/fuer-den-sueden.de\/index.php?rest_route=\/wp\/v2\/pages\/793\/revisions"}],"predecessor-version":[{"id":795,"href":"https:\/\/fuer-den-sueden.de\/index.php?rest_route=\/wp\/v2\/pages\/793\/revisions\/795"}],"wp:attachment":[{"href":"https:\/\/fuer-den-sueden.de\/index.php?rest_route=%2Fwp%2Fv2%2Fmedia&parent=793"}],"curies":[{"name":"wp","href":"https:\/\/api.w.org\/{rel}","templated":true}]}}