{"id":799,"date":"2019-04-08T06:16:17","date_gmt":"2019-04-08T06:16:17","guid":{"rendered":"http:\/\/fuer-den-sueden.de\/?page_id=799"},"modified":"2019-04-08T06:16:17","modified_gmt":"2019-04-08T06:16:17","slug":"proyectos-2019-en-nicaragua","status":"publish","type":"page","link":"https:\/\/fuer-den-sueden.de\/?page_id=799","title":{"rendered":"Proyectos 2019 en Nicaragua"},"content":{"rendered":"<p>Nombre del propyecto:<\/p>\n<p>INNOVACI\u00d3N Y EMPRENDIMIENTO DE J\u00d3VENES CON ENFOQUE AMBIENTALISTA<\/p>\n<p>&nbsp;<\/p>\n<p>Informaci\u00f3n del proyecto:<\/p>\n<p>La presente propuesta de proyecto ser\u00e1 impulsada por un grupo de j\u00f3venes (hombres y mujeres) hijos de productores socios de UCA SOPPEXCCA, quienes ser\u00e1n capacitados en la elaboraci\u00f3n de productos a base de desechos reciclables. Los j\u00f3venes ser\u00e1n los creadores de los productos a base de pl\u00e1sticos, cart\u00f3n, aluminio y otros materiales que se pueden utilizar para elaborar bisuter\u00eda, manualidades u otras creaciones y que son muy comunes en sus comunidades.<\/p>\n<p>Para la elaboraci\u00f3n de los productos se estar\u00e1 dotando al grupo de j\u00f3venes de las herramientas y de algunos materiales necesarios para el procesamiento y reciclajes de desechos. Los j\u00f3venes ser\u00e1n capacitados de manera pr\u00e1ctica por personas con experiencia en este tema y estar\u00e1n participando de intercambios de experiencia en otras ciudades y con otros grupos de j\u00f3venes del pa\u00eds que ya tienen experiencia en este tipo de trabajos.<\/p>\n<p>Con la implementaci\u00f3n de esta propuesta queremos contribuir al cuido del medio ambiente, a la concientizaci\u00f3n de las personas de las comunidades en el tema ambiental y a la creaci\u00f3n de una alternativa generadora de ingresos para los j\u00f3venes con lo cual tambi\u00e9n podr\u00e1n hacer un buen uso de su tiempo libre.<\/p>\n<p>UCA SOPPEXCCA brindar\u00e1 el acompa\u00f1amiento y seguimiento t\u00e9cnico a los j\u00f3venes mediante la responsable de \u00e1rea social quien se encargara de monitorear que los j\u00f3venes est\u00e9n trabajando y haciendo un buen uso de los materiales facilitados.<\/p>\n<p>&nbsp;<\/p>\n<p>Importe de dinero:<\/p>\n<p>880 Euros<\/p>\n<p>&nbsp;<\/p>\n<p>Objeto General:<\/p>\n<p>Contribuir a la preservaci\u00f3n del medio ambiente, afianzando la cultura del reciclaje en j\u00f3venes, a trav\u00e9s de la utilizaci\u00f3n de t\u00e9cnicas de transformaci\u00f3n de productos reutilizables.<\/p>\n<p>&nbsp;<\/p>\n<p>Objetivo especifico:<\/p>\n<ul>\n<li>Capacitar y orientar a los j\u00f3venes sobre las t\u00e9cnicas de transformaci\u00f3n de productos reutilizables<\/li>\n<li>Elaboraci\u00f3n de materiales ecol\u00f3gicos a trav\u00e9s de las t\u00e9cnicas aprendidas<\/li>\n<li>Sensibilizar a la comunidad, cooperativa sobre la importancia de reciclar<\/li>\n<\/ul>\n<p><a href=\"https:\/\/fuer-den-sueden.de\/wp-content\/uploads\/2019\/04\/uca-2.jpg\"><img loading=\"lazy\" decoding=\"async\" class=\"alignnone size-thumbnail wp-image-800\" src=\"https:\/\/fuer-den-sueden.de\/wp-content\/uploads\/2019\/04\/uca-2-420x203.jpg\" alt=\"\" width=\"420\" height=\"203\" srcset=\"https:\/\/fuer-den-sueden.de\/wp-content\/uploads\/2019\/04\/uca-2-420x203.jpg 420w, https:\/\/fuer-den-sueden.de\/wp-content\/uploads\/2019\/04\/uca-2-744x360.jpg 744w, https:\/\/fuer-den-sueden.de\/wp-content\/uploads\/2019\/04\/uca-2-768x371.jpg 768w, https:\/\/fuer-den-sueden.de\/wp-content\/uploads\/2019\/04\/uca-2.jpg 898w\" sizes=\"(max-width: 420px) 100vw, 420px\" \/><\/a><\/p>\n","protected":false},"excerpt":{"rendered":"<p>Nombre del propyecto: INNOVACI\u00d3N Y EMPRENDIMIENTO DE J\u00d3VENES CON ENFOQUE AMBIENTALISTA &nbsp; Informaci\u00f3n del proyecto: La presente propuesta de proyecto ser\u00e1 impulsada por un grupo de j\u00f3venes (hombres y mujeres) hijos de productores socios de UCA SOPPEXCCA, quienes ser\u00e1n capacitados<\/p>\n","protected":false},"author":1,"featured_media":0,"parent":0,"menu_order":0,"comment_status":"closed","ping_status":"closed","template":"","meta":{"footnotes":""},"_links":{"self":[{"href":"https:\/\/fuer-den-sueden.de\/index.php?rest_route=\/wp\/v2\/pages\/799"}],"collection":[{"href":"https:\/\/fuer-den-sueden.de\/index.php?rest_route=\/wp\/v2\/pages"}],"about":[{"href":"https:\/\/fuer-den-sueden.de\/index.php?rest_route=\/wp\/v2\/types\/page"}],"author":[{"embeddable":true,"href":"https:\/\/fuer-den-sueden.de\/index.php?rest_route=\/wp\/v2\/users\/1"}],"replies":[{"embeddable":true,"href":"https:\/\/fuer-den-sueden.de\/index.php?rest_route=%2Fwp%2Fv2%2Fcomments&post=799"}],"version-history":[{"count":1,"href":"https:\/\/fuer-den-sueden.de\/index.php?rest_route=\/wp\/v2\/pages\/799\/revisions"}],"predecessor-version":[{"id":801,"href":"https:\/\/fuer-den-sueden.de\/index.php?rest_route=\/wp\/v2\/pages\/799\/revisions\/801"}],"wp:attachment":[{"href":"https:\/\/fuer-den-sueden.de\/index.php?rest_route=%2Fwp%2Fv2%2Fmedia&parent=799"}],"curies":[{"name":"wp","href":"https:\/\/api.w.org\/{rel}","templated":true}]}}