{"id":889,"date":"2019-12-17T10:01:59","date_gmt":"2019-12-17T10:01:59","guid":{"rendered":"http:\/\/fuer-den-sueden.de\/?page_id=889"},"modified":"2019-12-17T10:01:59","modified_gmt":"2019-12-17T10:01:59","slug":"projekte-2019-in-kolumbien","status":"publish","type":"page","link":"https:\/\/fuer-den-sueden.de\/?page_id=889","title":{"rendered":"Projekte 2019 in Kolumbien"},"content":{"rendered":"<p><strong>Name<\/strong><\/p>\n<p>Kindergarten f\u00fcr die Kinder der ETCR H\u00e9ctor Ram\u00edrez und der Gemeinde Agua Bonita<\/p>\n<p>&nbsp;<\/p>\n<p><strong>Projektinformationen<\/strong><\/p>\n<p>Seit ihrer Gr\u00fcndung hat sich die ETCR (Wiedereingliederungszone) H\u00e9ctor Ram\u00edrez trotz der Schwierigkeiten bei der Umsetzung des Abkommens zwischen der FARC und der nationalen Regierung zu einer Friedensgemeinschaft zusammengeschlossen. Die Konstitution dieses Raumes implizierte nicht nur den \u00dcbergang zu einem neuen politischen Projekt ohne Waffen, sondern auch die Wiederherstellung des vertrauten und sozialen Gef\u00fcges. Eine der verheerendsten Folgen des bewaffneten Konflikts ist die Zerst\u00f6rung famili\u00e4rer Bindungen und die Unm\u00f6glichkeit f\u00fcr diejenigen, die an der Bildung sicherer Familienkerne beteiligt sind. Das Friedensabkommen hat die Ex-K\u00e4mpfer der aktuellen politischen Partei FARC erlaubt, die Beziehung mit der Familie wiederzuerlangen und neue Familien zu bilden, was sich im stetigen Anstieg bei S\u00e4uglingen in der ETCR in den letzten Monaten widerspiegelt und wo voraussichtlich die Bev\u00f6lkerung weiter wachsen wird. Derzeit gibt es 30 Kinder zwischen 0 und 14 Jahren, wobei die Bev\u00f6lkerung zwischen 0 und 9 Jahren am zahlreichsten ist. Zus\u00e4tzlich gibt es 5 schwangere und 7 stillende Frauen.<\/p>\n<p>Die Zunahme dieser Bev\u00f6lkerung setzt zwei wichtige Herausforderungen voraus: Erstens die Notwendigkeit, sichere und \u00fcbereinstimmende R\u00e4ume an die Entwicklungsstadien der M\u00e4dchen und Jungen anzupassen. Zweitens die Notwendigkeit, ein p\u00e4dagogisches Programm mit geschultem Personal f\u00fcr die Betreuung und Schulung von Kindern aufzustellen.<\/p>\n<p>Neben der Verbesserung der Lebensbedingungen von Kindern, die direkt von diesem Raum der F\u00fcrsorge, Bildung und Erholung profitieren, tr\u00e4gt dieser Raum auch zur Organisation der Familienarbeit bei, da er M\u00fcttern und V\u00e4tern eine alternative Betreuung bietet, damit sie weiterhin am Programm der Konsolidierung der ETCR als soziale und wirtschaftliche Einheit teilhaben k\u00f6nnen.<\/p>\n<p>&nbsp;<\/p>\n<p><strong>Summe<\/strong><\/p>\n<p>Rund 3000 Euro<\/p>\n<p>&nbsp;<\/p>\n<p><strong>Durchf\u00fchrungszeitraum<\/strong><\/p>\n<p>2019\/20<\/p>\n<p>&nbsp;<\/p>\n<p><strong>Allgemeines Ziel<\/strong><\/p>\n<p>Bau eines Betreuungs-, Bildungs- und Erholungsraums f\u00fcr Kleinkinder (Kindergartens) der ETCR (Raum f\u00fcr territoriale Ausbildung und Wiedereingliederung) H\u00e9ctor Ram\u00edrez in dem Dorf Agua Bonita, Gemeinde La Monta\u00f1ita, Caquet\u00e1<\/p>\n<p>&nbsp;<\/p>\n<p><strong>Spezielle Ziele<\/strong><\/p>\n<p>Aufbau der Infrastruktur eines Kindergartens in der ETCR von Agua Bonita, Monta\u00f1ita, Caquet\u00e1<\/p>\n<p>Anpassung des Innen- und Au\u00dfenbereichs des Kindergartens an die Sicherheits- und Schutzstandards des NN<\/p>\n<p>Ausstatten und zur Verf\u00fcgung stellen des Kindergartens mit p\u00e4dagogischen und spielerischen Materialien und Zubeh\u00f6r f\u00fcr die Kinderbetreuung<\/p>\n<p>Entwerfen und implementieren eines p\u00e4dagogischen Programms f\u00fcr die Kleinkinder in der ETCR Agua Bonita<\/p>\n","protected":false},"excerpt":{"rendered":"<p>Name Kindergarten f\u00fcr die Kinder der ETCR H\u00e9ctor Ram\u00edrez und der Gemeinde Agua Bonita &nbsp; Projektinformationen Seit ihrer Gr\u00fcndung hat sich die ETCR (Wiedereingliederungszone) H\u00e9ctor Ram\u00edrez trotz der Schwierigkeiten bei der Umsetzung des Abkommens zwischen der FARC und der nationalen<\/p>\n","protected":false},"author":1,"featured_media":0,"parent":0,"menu_order":0,"comment_status":"closed","ping_status":"closed","template":"","meta":{"footnotes":""},"_links":{"self":[{"href":"https:\/\/fuer-den-sueden.de\/index.php?rest_route=\/wp\/v2\/pages\/889"}],"collection":[{"href":"https:\/\/fuer-den-sueden.de\/index.php?rest_route=\/wp\/v2\/pages"}],"about":[{"href":"https:\/\/fuer-den-sueden.de\/index.php?rest_route=\/wp\/v2\/types\/page"}],"author":[{"embeddable":true,"href":"https:\/\/fuer-den-sueden.de\/index.php?rest_route=\/wp\/v2\/users\/1"}],"replies":[{"embeddable":true,"href":"https:\/\/fuer-den-sueden.de\/index.php?rest_route=%2Fwp%2Fv2%2Fcomments&post=889"}],"version-history":[{"count":1,"href":"https:\/\/fuer-den-sueden.de\/index.php?rest_route=\/wp\/v2\/pages\/889\/revisions"}],"predecessor-version":[{"id":890,"href":"https:\/\/fuer-den-sueden.de\/index.php?rest_route=\/wp\/v2\/pages\/889\/revisions\/890"}],"wp:attachment":[{"href":"https:\/\/fuer-den-sueden.de\/index.php?rest_route=%2Fwp%2Fv2%2Fmedia&parent=889"}],"curies":[{"name":"wp","href":"https:\/\/api.w.org\/{rel}","templated":true}]}}