{"id":983,"date":"2020-11-23T12:47:38","date_gmt":"2020-11-23T12:47:38","guid":{"rendered":"http:\/\/fuer-den-sueden.de\/?page_id=983"},"modified":"2020-11-23T12:52:23","modified_gmt":"2020-11-23T12:52:23","slug":"projekte-2020-in-kolumbien","status":"publish","type":"page","link":"https:\/\/fuer-den-sueden.de\/?page_id=983","title":{"rendered":"Projekte 2020 in Kolumbien"},"content":{"rendered":"<p><strong>Name<\/strong><\/p>\n<p>Sport- und Freizeitaktivit\u00e4ten als Mittel zum Aufbau eines sozialen Gef\u00fcges f\u00fcr den territorialen Frieden<\/p>\n<p>&nbsp;<\/p>\n<p><strong>Organisation<\/strong><\/p>\n<p>Fundaci\u00f3n Social Paz y Esperanza<\/p>\n<p>&nbsp;<\/p>\n<p><strong>Projektinformation<\/strong><\/p>\n<p>Die Gemeinde Algeciras der Provinz Huila im S\u00fcden Kolumbiens, ist eine stark vom bewaffneten Konflikt betroffene Region. Es war eine Bastion der FARC, die im Jahr 2016 den Frieden mit der kolumbianischen Regierung schloss. Trotz des Friedensabkommens gibt es dort regelm\u00e4\u00dfig Auseinandersetzungen und in diesem Jahr bereits mehrere Massaker. Neben Projekten der Wiedereingliederung von ehemaligen K\u00e4mpfern der FARC in das zivile Leben gibt es weitere zivilgesellschaftliche Projekte zur Befriedung der Region. Hierzu z\u00e4hlt die Stiftung \u201eFundaci\u00f3n Social Paz y Esperanza\u201c (Soziale Stiftung Frieden und Hoffnung) mit ihrem Projekt \u201eSport- und Freizeitaktivit\u00e4ten als Mittel zum Aufbau eines sozialen Gef\u00fcges f\u00fcr den territorialen Frieden\u201c. Schwierigkeiten gibt es, gerade in Zeiten von COVID19, mit der Bereitstellung von finanziellen Mitteln. Weil das Projekt f\u00fcr die F\u00f6rderung von spielerischen und sportlichen Aktivit\u00e4ten in der Freizeit wichtig ist und um Kinder und Jugendliche zu ermutigen, die Freizeit sinnstiftend zu nutzen, um Risikosituationen wie Zwangsrekrutierungen zu verhindern oder den Substanzmittelgebrauch zu minimieren, werden wir das Projekt unterst\u00fctzen.<\/p>\n<p>Der Sport ist entscheidend f\u00fcr die volle Entwicklung junger Menschen, die F\u00f6rderung ihrer k\u00f6rperlichen und seelischen Gesundheit und die Entwicklung wertvoller sozialer Kontakte. Das hei\u00dft, Sport kann Barrieren \u00fcberwinden, die sonst Gesellschaften spalten, und ihn zu einem wirksamen Instrument zur Unterst\u00fctzung der Konfliktverh\u00fctung und der Friedenskonsolidierung machen (Sport f\u00fcr Entwicklung und Frieden).<\/p>\n<p>&nbsp;<\/p>\n<p><strong>Summe<\/strong><\/p>\n<p>1700 Euro<\/p>\n<p>&nbsp;<\/p>\n<p><strong>Durchf\u00fchrungszeitraum<\/strong><\/p>\n<p>Ende 2020 bis 2021<\/p>\n<p>&nbsp;<\/p>\n<p><strong>Allgemeines Ziel<\/strong><\/p>\n<p>In der Gemeinde Algeciras die F\u00f6rderung von spielerischen und sportlichen Aktivit\u00e4ten in der Freizeit, um Kinder und Jugendliche zu ermutigen, die Freizeit sinnstiftend zu nutzen, um Risikosituationen wie Zwangsrekrutierungen zu verhindern oder den Substanzmittelgebrauch zu minimieren.<\/p>\n<p>&nbsp;<\/p>\n<p><strong>Spezielle Ziele<\/strong><\/p>\n<p>F\u00f6rderung von kreativen Freizeitm\u00f6glichkeiten zur ad\u00e4quaten Nutzung der Freizeit, um das Wohlbefinden der Gemeinschaften im Hinblick auf ihre emotionale Entwicklung zu verbessern.<\/p>\n<p>F\u00f6rderung von Sportarten wie dem Fu\u00dfball. Die sportlichen Aktivit\u00e4ten werden als alternatives Lebensprojekt angesehen und\/oder f\u00f6rdern die Talente.<\/p>\n<p>Durchf\u00fchrung von Sport- und Freizeitaktivit\u00e4ten sowie Aktivit\u00e4ten f\u00fcr die Kinder und \u00e4ltere Menschen als Teil ihrer integralen Entwicklung.<\/p>\n<p><a href=\"https:\/\/fuer-den-sueden.de\/wp-content\/uploads\/2020\/11\/Projekt-Algeciras.jpg\"><img loading=\"lazy\" decoding=\"async\" class=\"alignnone size-thumbnail wp-image-975\" src=\"https:\/\/fuer-den-sueden.de\/wp-content\/uploads\/2020\/11\/Projekt-Algeciras-420x402.jpg\" alt=\"\" width=\"420\" height=\"402\" srcset=\"https:\/\/fuer-den-sueden.de\/wp-content\/uploads\/2020\/11\/Projekt-Algeciras-420x402.jpg 420w, https:\/\/fuer-den-sueden.de\/wp-content\/uploads\/2020\/11\/Projekt-Algeciras.jpg 661w\" sizes=\"(max-width: 420px) 100vw, 420px\" \/><\/a><\/p>\n","protected":false},"excerpt":{"rendered":"<p>Name Sport- und Freizeitaktivit\u00e4ten als Mittel zum Aufbau eines sozialen Gef\u00fcges f\u00fcr den territorialen Frieden &nbsp; Organisation Fundaci\u00f3n Social Paz y Esperanza &nbsp; Projektinformation Die Gemeinde Algeciras der Provinz Huila im S\u00fcden Kolumbiens, ist eine stark vom bewaffneten Konflikt betroffene<\/p>\n","protected":false},"author":1,"featured_media":0,"parent":32,"menu_order":0,"comment_status":"closed","ping_status":"closed","template":"","meta":{"footnotes":""},"_links":{"self":[{"href":"https:\/\/fuer-den-sueden.de\/index.php?rest_route=\/wp\/v2\/pages\/983"}],"collection":[{"href":"https:\/\/fuer-den-sueden.de\/index.php?rest_route=\/wp\/v2\/pages"}],"about":[{"href":"https:\/\/fuer-den-sueden.de\/index.php?rest_route=\/wp\/v2\/types\/page"}],"author":[{"embeddable":true,"href":"https:\/\/fuer-den-sueden.de\/index.php?rest_route=\/wp\/v2\/users\/1"}],"replies":[{"embeddable":true,"href":"https:\/\/fuer-den-sueden.de\/index.php?rest_route=%2Fwp%2Fv2%2Fcomments&post=983"}],"version-history":[{"count":3,"href":"https:\/\/fuer-den-sueden.de\/index.php?rest_route=\/wp\/v2\/pages\/983\/revisions"}],"predecessor-version":[{"id":987,"href":"https:\/\/fuer-den-sueden.de\/index.php?rest_route=\/wp\/v2\/pages\/983\/revisions\/987"}],"up":[{"embeddable":true,"href":"https:\/\/fuer-den-sueden.de\/index.php?rest_route=\/wp\/v2\/pages\/32"}],"wp:attachment":[{"href":"https:\/\/fuer-den-sueden.de\/index.php?rest_route=%2Fwp%2Fv2%2Fmedia&parent=983"}],"curies":[{"name":"wp","href":"https:\/\/api.w.org\/{rel}","templated":true}]}}